{"id":333,"date":"2023-05-31T00:38:04","date_gmt":"2023-05-31T00:38:04","guid":{"rendered":"https:\/\/ppsg.ch\/?page_id=333"},"modified":"2025-05-06T06:46:40","modified_gmt":"2025-05-06T06:46:40","slug":"team","status":"publish","type":"page","link":"https:\/\/ppsg.ch\/?page_id=333","title":{"rendered":"Praxisteam"},"content":{"rendered":"<h3><a href=\"https:\/\/ppsg.ch\/?page_id=1338\"><span style=\"color: #467aa7;\">Dr. med. Bruno K\u00e4gi<\/span><\/a><\/h3>\n<p><a href=\"https:\/\/ppsg.ch\/wp-content\/uploads\/2024\/07\/4-Kopie-scaled.jpg\"><img decoding=\"async\" class=\"alignnone wp-image-2196\" src=\"https:\/\/ppsg.ch\/wp-content\/uploads\/2024\/07\/4-Kopie-scaled-e1746513790676-222x300.jpg\" alt=\"\" width=\"191\" height=\"258\" \/><\/a><\/p>\n<h3><\/h3>\n<h3><a href=\"https:\/\/ppsg.ch\/?page_id=1347\"><span style=\"color: #467aa7;\">Esther K\u00e4gi-Keller<\/span><\/a><br \/>\n<span style=\"color: #467aa7;\">Dipl. Sozialarbeiterin FH<\/span><\/h3>\n<p><a href=\"https:\/\/ppsg.ch\/?page_id=1347\"><img decoding=\"async\" class=\"alignnone size-full wp-image-1123\" src=\"https:\/\/ppsg.ch\/wp-content\/uploads\/2023\/06\/Passfoto_Esther-1-2.bmp\" alt=\"\" width=\"193\" height=\"258\" \/><\/a><\/p>\n<p>&nbsp;<\/p>\n<h3><a href=\"https:\/\/ppsg.ch\/?page_id=1349\"><span style=\"color: #467aa7;\">Bettina Andrea K\u00e4gi<\/span><\/a><\/h3>\n<p><a href=\"https:\/\/ppsg.ch\/?page_id=1349\"><img decoding=\"async\" class=\"alignnone size-full wp-image-1125\" src=\"https:\/\/ppsg.ch\/wp-content\/uploads\/2023\/06\/Bettina_Kaegi_Foto-3.jpg\" alt=\"\" width=\"193\" height=\"258\" \/><\/a><\/p>\n","protected":false},"excerpt":{"rendered":"<p>Dr. med. Bruno K\u00e4gi Esther K\u00e4gi-Keller Dipl. Sozialarbeiterin FH &nbsp; Bettina Andrea K\u00e4gi<\/p>\n","protected":false},"author":1,"featured_media":0,"parent":0,"menu_order":0,"comment_status":"closed","ping_status":"closed","template":"","meta":{"_acf_changed":false,"_themeisle_gutenberg_block_has_review":false,"footnotes":""},"class_list":["post-333","page","type-page","status-publish","hentry"],"acf":[],"yoast_head":"<!-- This site is optimized with the Yoast SEO Premium plugin v21.6 (Yoast SEO v27.5) - https:\/\/yoast.com\/product\/yoast-seo-premium-wordpress\/ -->\n<title>Praxisteam - Psychiatrische Praxis St. Gallen \u01c0 PPSG<\/title>\n<meta name=\"robots\" content=\"index, follow, max-snippet:-1, max-image-preview:large, max-video-preview:-1\" \/>\n<link rel=\"canonical\" href=\"https:\/\/ppsg.ch\/?page_id=333\" \/>\n<meta property=\"og:locale\" content=\"de_DE\" \/>\n<meta property=\"og:type\" content=\"article\" \/>\n<meta property=\"og:title\" content=\"Praxisteam\" \/>\n<meta property=\"og:description\" content=\"Dr. med. Bruno K\u00e4gi Esther K\u00e4gi-Keller Dipl. Sozialarbeiterin FH &nbsp; Bettina Andrea K\u00e4gi\" \/>\n<meta property=\"og:url\" content=\"https:\/\/ppsg.ch\/?page_id=333\" \/>\n<meta property=\"og:site_name\" content=\"Psychiatrische Praxis St. Gallen \u01c0 PPSG\" \/>\n<meta property=\"article:modified_time\" content=\"2025-05-06T06:46:40+00:00\" \/>\n<meta property=\"og:image\" content=\"https:\/\/ppsg.ch\/wp-content\/uploads\/2024\/07\/4-Kopie-scaled-e1746513886372.jpg\" \/>\n\t<meta property=\"og:image:width\" content=\"191\" \/>\n\t<meta property=\"og:image:height\" content=\"258\" \/>\n\t<meta property=\"og:image:type\" content=\"image\/jpeg\" \/>\n<meta name=\"twitter:card\" content=\"summary_large_image\" \/>\n<meta name=\"twitter:label1\" content=\"Gesch\u00e4tzte Lesezeit\" \/>\n\t<meta name=\"twitter:data1\" content=\"1\u00a0Minute\" \/>\n<script type=\"application\/ld+json\" class=\"yoast-schema-graph\">{\"@context\":\"https:\\\/\\\/schema.org\",\"@graph\":[{\"@type\":\"WebPage\",\"@id\":\"https:\\\/\\\/ppsg.ch\\\/?page_id=333\",\"url\":\"https:\\\/\\\/ppsg.ch\\\/?page_id=333\",\"name\":\"Praxisteam - Psychiatrische Praxis St. Gallen \u01c0 PPSG\",\"isPartOf\":{\"@id\":\"https:\\\/\\\/ppsg.ch\\\/#website\"},\"primaryImageOfPage\":{\"@id\":\"https:\\\/\\\/ppsg.ch\\\/?page_id=333#primaryimage\"},\"image\":{\"@id\":\"https:\\\/\\\/ppsg.ch\\\/?page_id=333#primaryimage\"},\"thumbnailUrl\":\"https:\\\/\\\/ppsg.ch\\\/wp-content\\\/uploads\\\/2024\\\/07\\\/4-Kopie-scaled-e1746513790676-222x300.jpg\",\"datePublished\":\"2023-05-31T00:38:04+00:00\",\"dateModified\":\"2025-05-06T06:46:40+00:00\",\"inLanguage\":\"de\",\"potentialAction\":[{\"@type\":\"ReadAction\",\"target\":[\"https:\\\/\\\/ppsg.ch\\\/?page_id=333\"]}]},{\"@type\":\"ImageObject\",\"inLanguage\":\"de\",\"@id\":\"https:\\\/\\\/ppsg.ch\\\/?page_id=333#primaryimage\",\"url\":\"https:\\\/\\\/ppsg.ch\\\/wp-content\\\/uploads\\\/2024\\\/07\\\/4-Kopie-scaled-e1746513886372.jpg\",\"contentUrl\":\"https:\\\/\\\/ppsg.ch\\\/wp-content\\\/uploads\\\/2024\\\/07\\\/4-Kopie-scaled-e1746513886372.jpg\",\"width\":191,\"height\":258},{\"@type\":\"WebSite\",\"@id\":\"https:\\\/\\\/ppsg.ch\\\/#website\",\"url\":\"https:\\\/\\\/ppsg.ch\\\/\",\"name\":\"ppsg\",\"description\":\"\",\"publisher\":{\"@id\":\"https:\\\/\\\/ppsg.ch\\\/#organization\"},\"alternateName\":\"Psychiatrische Praxis St. Gallen\",\"potentialAction\":[{\"@type\":\"SearchAction\",\"target\":{\"@type\":\"EntryPoint\",\"urlTemplate\":\"https:\\\/\\\/ppsg.ch\\\/?s={search_term_string}\"},\"query-input\":{\"@type\":\"PropertyValueSpecification\",\"valueRequired\":true,\"valueName\":\"search_term_string\"}}],\"inLanguage\":\"de\"},{\"@type\":\"Organization\",\"@id\":\"https:\\\/\\\/ppsg.ch\\\/#organization\",\"name\":\"ppsg\",\"alternateName\":\"Psychiatrische Praxis St. Gallen\",\"url\":\"https:\\\/\\\/ppsg.ch\\\/\",\"logo\":{\"@type\":\"ImageObject\",\"inLanguage\":\"de\",\"@id\":\"https:\\\/\\\/ppsg.ch\\\/#\\\/schema\\\/logo\\\/image\\\/\",\"url\":\"https:\\\/\\\/ppsg.ch\\\/wp-content\\\/uploads\\\/2023\\\/04\\\/400PngdpiLogo.png\",\"contentUrl\":\"https:\\\/\\\/ppsg.ch\\\/wp-content\\\/uploads\\\/2023\\\/04\\\/400PngdpiLogo.png\",\"width\":2672,\"height\":1617,\"caption\":\"ppsg\"},\"image\":{\"@id\":\"https:\\\/\\\/ppsg.ch\\\/#\\\/schema\\\/logo\\\/image\\\/\"}}]}<\/script>\n<!-- \/ Yoast SEO Premium plugin. -->","yoast_head_json":{"title":"Praxisteam - Psychiatrische Praxis St. Gallen \u01c0 PPSG","robots":{"index":"index","follow":"follow","max-snippet":"max-snippet:-1","max-image-preview":"max-image-preview:large","max-video-preview":"max-video-preview:-1"},"canonical":"https:\/\/ppsg.ch\/?page_id=333","og_locale":"de_DE","og_type":"article","og_title":"Praxisteam","og_description":"Dr. med. Bruno K\u00e4gi Esther K\u00e4gi-Keller Dipl. Sozialarbeiterin FH &nbsp; Bettina Andrea K\u00e4gi","og_url":"https:\/\/ppsg.ch\/?page_id=333","og_site_name":"Psychiatrische Praxis St. Gallen \u01c0 PPSG","article_modified_time":"2025-05-06T06:46:40+00:00","og_image":[{"width":191,"height":258,"url":"https:\/\/ppsg.ch\/wp-content\/uploads\/2024\/07\/4-Kopie-scaled-e1746513886372.jpg","type":"image\/jpeg"}],"twitter_card":"summary_large_image","twitter_misc":{"Gesch\u00e4tzte Lesezeit":"1\u00a0Minute"},"schema":{"@context":"https:\/\/schema.org","@graph":[{"@type":"WebPage","@id":"https:\/\/ppsg.ch\/?page_id=333","url":"https:\/\/ppsg.ch\/?page_id=333","name":"Praxisteam - Psychiatrische Praxis St. Gallen \u01c0 PPSG","isPartOf":{"@id":"https:\/\/ppsg.ch\/#website"},"primaryImageOfPage":{"@id":"https:\/\/ppsg.ch\/?page_id=333#primaryimage"},"image":{"@id":"https:\/\/ppsg.ch\/?page_id=333#primaryimage"},"thumbnailUrl":"https:\/\/ppsg.ch\/wp-content\/uploads\/2024\/07\/4-Kopie-scaled-e1746513790676-222x300.jpg","datePublished":"2023-05-31T00:38:04+00:00","dateModified":"2025-05-06T06:46:40+00:00","inLanguage":"de","potentialAction":[{"@type":"ReadAction","target":["https:\/\/ppsg.ch\/?page_id=333"]}]},{"@type":"ImageObject","inLanguage":"de","@id":"https:\/\/ppsg.ch\/?page_id=333#primaryimage","url":"https:\/\/ppsg.ch\/wp-content\/uploads\/2024\/07\/4-Kopie-scaled-e1746513886372.jpg","contentUrl":"https:\/\/ppsg.ch\/wp-content\/uploads\/2024\/07\/4-Kopie-scaled-e1746513886372.jpg","width":191,"height":258},{"@type":"WebSite","@id":"https:\/\/ppsg.ch\/#website","url":"https:\/\/ppsg.ch\/","name":"ppsg","description":"","publisher":{"@id":"https:\/\/ppsg.ch\/#organization"},"alternateName":"Psychiatrische Praxis St. Gallen","potentialAction":[{"@type":"SearchAction","target":{"@type":"EntryPoint","urlTemplate":"https:\/\/ppsg.ch\/?s={search_term_string}"},"query-input":{"@type":"PropertyValueSpecification","valueRequired":true,"valueName":"search_term_string"}}],"inLanguage":"de"},{"@type":"Organization","@id":"https:\/\/ppsg.ch\/#organization","name":"ppsg","alternateName":"Psychiatrische Praxis St. Gallen","url":"https:\/\/ppsg.ch\/","logo":{"@type":"ImageObject","inLanguage":"de","@id":"https:\/\/ppsg.ch\/#\/schema\/logo\/image\/","url":"https:\/\/ppsg.ch\/wp-content\/uploads\/2023\/04\/400PngdpiLogo.png","contentUrl":"https:\/\/ppsg.ch\/wp-content\/uploads\/2023\/04\/400PngdpiLogo.png","width":2672,"height":1617,"caption":"ppsg"},"image":{"@id":"https:\/\/ppsg.ch\/#\/schema\/logo\/image\/"}}]}},"_links":{"self":[{"href":"https:\/\/ppsg.ch\/index.php?rest_route=\/wp\/v2\/pages\/333","targetHints":{"allow":["GET"]}}],"collection":[{"href":"https:\/\/ppsg.ch\/index.php?rest_route=\/wp\/v2\/pages"}],"about":[{"href":"https:\/\/ppsg.ch\/index.php?rest_route=\/wp\/v2\/types\/page"}],"author":[{"embeddable":true,"href":"https:\/\/ppsg.ch\/index.php?rest_route=\/wp\/v2\/users\/1"}],"replies":[{"embeddable":true,"href":"https:\/\/ppsg.ch\/index.php?rest_route=%2Fwp%2Fv2%2Fcomments&post=333"}],"version-history":[{"count":21,"href":"https:\/\/ppsg.ch\/index.php?rest_route=\/wp\/v2\/pages\/333\/revisions"}],"predecessor-version":[{"id":2846,"href":"https:\/\/ppsg.ch\/index.php?rest_route=\/wp\/v2\/pages\/333\/revisions\/2846"}],"wp:attachment":[{"href":"https:\/\/ppsg.ch\/index.php?rest_route=%2Fwp%2Fv2%2Fmedia&parent=333"}],"curies":[{"name":"wp","href":"https:\/\/api.w.org\/{rel}","templated":true}]}}