{"id":3098,"date":"2025-11-10T17:10:54","date_gmt":"2025-11-10T17:10:54","guid":{"rendered":"https:\/\/ppsg.ch\/?page_id=3098"},"modified":"2025-11-10T17:10:54","modified_gmt":"2025-11-10T17:10:54","slug":"hla-a-gen-chromosom-6p21-3","status":"publish","type":"page","link":"https:\/\/ppsg.ch\/?page_id=3098","title":{"rendered":"HLA-A-Gen Chromosom 6p21.3"},"content":{"rendered":"<p>Die Gene des HLA-Systems codieren den Haupthistokompatibilit\u00e4tskomplex des menschlichen Immunsystems. HLA steht f\u00fcr Humanes Leukozyten Antigen und wird so genannt, da die durch diese Gene gebildeten Proteine auf der Oberfl\u00e4che der weissen Blutk\u00f6rperchen (Leukozyten) gut nachweisbar sind, wo sie diese f\u00fcr das Immunsystem als k\u00f6rpereigene Zellen markieren. Die HLA-Genregion ist h\u00f6chst variabel, was eine Unterscheidung k\u00f6rpereigener und k\u00f6rperfremder Zellen erm\u00f6glicht. Jeder Mensch tr\u00e4gt eine nahezu einzigartige Kombination von Gensequenzen (Allelen) der einzelnen HLA-Proteine. Bei der Organ- oder Knochenmarktransplantation spielt das HLA-System eine wichtige Rolle, da das Risiko einer Abstossungsreaktion umso gr\u00f6sser ist, je mehr sich Spender und Empf\u00e4nger in diesem unterscheiden. Bei der Erforschung von Krankheiten konnte h\u00e4ufig auch ein Zusammenhang mit bestimmten HLA-Allelen nachgewiesen werden, die das Erkrankungsrisiko erh\u00f6hen. Dementsprechend wird auch immer h\u00e4ufiger gezeigt, dass manche Wirkstoffe bei bestimmten HLA-Typen ungeeignet sind. Im HLA-A-Gen ist pharmakologisch vor allem das Allel *3101 relevant, da das Vorliegen dieses Allels bei verschiedenen Medikamenten mit z.T. schwere Nebenwirkungen assoziiert ist.<\/p>\n","protected":false},"excerpt":{"rendered":"<p>Die Gene des HLA-Systems codieren den Haupthistokompatibilit\u00e4tskomplex des menschlichen Immunsystems. HLA steht f\u00fcr Humanes Leukozyten Antigen und wird so genannt, da die durch diese Gene gebildeten Proteine auf der Oberfl\u00e4che der weissen Blutk\u00f6rperchen (Leukozyten) gut nachweisbar sind, wo sie diese f\u00fcr das Immunsystem als k\u00f6rpereigene Zellen markieren. Die HLA-Genregion ist h\u00f6chst variabel, was eine Unterscheidung<\/p>\n","protected":false},"author":1,"featured_media":0,"parent":0,"menu_order":0,"comment_status":"closed","ping_status":"closed","template":"","meta":{"_acf_changed":false,"_themeisle_gutenberg_block_has_review":false,"footnotes":""},"class_list":["post-3098","page","type-page","status-publish","hentry"],"acf":[],"yoast_head":"<!-- This site is optimized with the Yoast SEO Premium plugin v21.6 (Yoast SEO v27.5) - https:\/\/yoast.com\/product\/yoast-seo-premium-wordpress\/ -->\n<title>HLA-A-Gen Chromosom 6p21.3 - Psychiatrische Praxis St. Gallen \u01c0 PPSG<\/title>\n<meta name=\"robots\" content=\"index, follow, max-snippet:-1, max-image-preview:large, max-video-preview:-1\" \/>\n<link rel=\"canonical\" href=\"https:\/\/ppsg.ch\/?page_id=3098\" \/>\n<meta property=\"og:locale\" content=\"de_DE\" \/>\n<meta property=\"og:type\" content=\"article\" \/>\n<meta property=\"og:title\" content=\"HLA-A-Gen Chromosom 6p21.3\" \/>\n<meta property=\"og:description\" content=\"Die Gene des HLA-Systems codieren den Haupthistokompatibilit\u00e4tskomplex des menschlichen Immunsystems. HLA steht f\u00fcr Humanes Leukozyten Antigen und wird so genannt, da die durch diese Gene gebildeten Proteine auf der Oberfl\u00e4che der weissen Blutk\u00f6rperchen (Leukozyten) gut nachweisbar sind, wo sie diese f\u00fcr das Immunsystem als k\u00f6rpereigene Zellen markieren. Die HLA-Genregion ist h\u00f6chst variabel, was eine Unterscheidung\" \/>\n<meta property=\"og:url\" content=\"https:\/\/ppsg.ch\/?page_id=3098\" \/>\n<meta property=\"og:site_name\" content=\"Psychiatrische Praxis St. Gallen \u01c0 PPSG\" \/>\n<meta property=\"og:image\" content=\"https:\/\/ppsg.ch\/wp-content\/uploads\/2023\/04\/Fotolia_139857590_M-Kopie-2.jpg\" \/>\n\t<meta property=\"og:image:width\" content=\"1715\" \/>\n\t<meta property=\"og:image:height\" content=\"1108\" \/>\n\t<meta property=\"og:image:type\" content=\"image\/jpeg\" \/>\n<meta name=\"twitter:card\" content=\"summary_large_image\" \/>\n<meta name=\"twitter:label1\" content=\"Gesch\u00e4tzte Lesezeit\" \/>\n\t<meta name=\"twitter:data1\" content=\"1\u00a0Minute\" \/>\n<script type=\"application\/ld+json\" class=\"yoast-schema-graph\">{\"@context\":\"https:\\\/\\\/schema.org\",\"@graph\":[{\"@type\":\"WebPage\",\"@id\":\"https:\\\/\\\/ppsg.ch\\\/?page_id=3098\",\"url\":\"https:\\\/\\\/ppsg.ch\\\/?page_id=3098\",\"name\":\"HLA-A-Gen Chromosom 6p21.3 - Psychiatrische Praxis St. Gallen \u01c0 PPSG\",\"isPartOf\":{\"@id\":\"https:\\\/\\\/ppsg.ch\\\/#website\"},\"datePublished\":\"2025-11-10T17:10:54+00:00\",\"inLanguage\":\"de\",\"potentialAction\":[{\"@type\":\"ReadAction\",\"target\":[\"https:\\\/\\\/ppsg.ch\\\/?page_id=3098\"]}]},{\"@type\":\"WebSite\",\"@id\":\"https:\\\/\\\/ppsg.ch\\\/#website\",\"url\":\"https:\\\/\\\/ppsg.ch\\\/\",\"name\":\"ppsg\",\"description\":\"\",\"publisher\":{\"@id\":\"https:\\\/\\\/ppsg.ch\\\/#organization\"},\"alternateName\":\"Psychiatrische Praxis St. Gallen\",\"potentialAction\":[{\"@type\":\"SearchAction\",\"target\":{\"@type\":\"EntryPoint\",\"urlTemplate\":\"https:\\\/\\\/ppsg.ch\\\/?s={search_term_string}\"},\"query-input\":{\"@type\":\"PropertyValueSpecification\",\"valueRequired\":true,\"valueName\":\"search_term_string\"}}],\"inLanguage\":\"de\"},{\"@type\":\"Organization\",\"@id\":\"https:\\\/\\\/ppsg.ch\\\/#organization\",\"name\":\"ppsg\",\"alternateName\":\"Psychiatrische Praxis St. Gallen\",\"url\":\"https:\\\/\\\/ppsg.ch\\\/\",\"logo\":{\"@type\":\"ImageObject\",\"inLanguage\":\"de\",\"@id\":\"https:\\\/\\\/ppsg.ch\\\/#\\\/schema\\\/logo\\\/image\\\/\",\"url\":\"https:\\\/\\\/ppsg.ch\\\/wp-content\\\/uploads\\\/2023\\\/04\\\/400PngdpiLogo.png\",\"contentUrl\":\"https:\\\/\\\/ppsg.ch\\\/wp-content\\\/uploads\\\/2023\\\/04\\\/400PngdpiLogo.png\",\"width\":2672,\"height\":1617,\"caption\":\"ppsg\"},\"image\":{\"@id\":\"https:\\\/\\\/ppsg.ch\\\/#\\\/schema\\\/logo\\\/image\\\/\"}}]}<\/script>\n<!-- \/ Yoast SEO Premium plugin. -->","yoast_head_json":{"title":"HLA-A-Gen Chromosom 6p21.3 - Psychiatrische Praxis St. Gallen \u01c0 PPSG","robots":{"index":"index","follow":"follow","max-snippet":"max-snippet:-1","max-image-preview":"max-image-preview:large","max-video-preview":"max-video-preview:-1"},"canonical":"https:\/\/ppsg.ch\/?page_id=3098","og_locale":"de_DE","og_type":"article","og_title":"HLA-A-Gen Chromosom 6p21.3","og_description":"Die Gene des HLA-Systems codieren den Haupthistokompatibilit\u00e4tskomplex des menschlichen Immunsystems. HLA steht f\u00fcr Humanes Leukozyten Antigen und wird so genannt, da die durch diese Gene gebildeten Proteine auf der Oberfl\u00e4che der weissen Blutk\u00f6rperchen (Leukozyten) gut nachweisbar sind, wo sie diese f\u00fcr das Immunsystem als k\u00f6rpereigene Zellen markieren. Die HLA-Genregion ist h\u00f6chst variabel, was eine Unterscheidung","og_url":"https:\/\/ppsg.ch\/?page_id=3098","og_site_name":"Psychiatrische Praxis St. Gallen \u01c0 PPSG","og_image":[{"width":1715,"height":1108,"url":"https:\/\/ppsg.ch\/wp-content\/uploads\/2023\/04\/Fotolia_139857590_M-Kopie-2.jpg","type":"image\/jpeg"}],"twitter_card":"summary_large_image","twitter_misc":{"Gesch\u00e4tzte Lesezeit":"1\u00a0Minute"},"schema":{"@context":"https:\/\/schema.org","@graph":[{"@type":"WebPage","@id":"https:\/\/ppsg.ch\/?page_id=3098","url":"https:\/\/ppsg.ch\/?page_id=3098","name":"HLA-A-Gen Chromosom 6p21.3 - Psychiatrische Praxis St. Gallen \u01c0 PPSG","isPartOf":{"@id":"https:\/\/ppsg.ch\/#website"},"datePublished":"2025-11-10T17:10:54+00:00","inLanguage":"de","potentialAction":[{"@type":"ReadAction","target":["https:\/\/ppsg.ch\/?page_id=3098"]}]},{"@type":"WebSite","@id":"https:\/\/ppsg.ch\/#website","url":"https:\/\/ppsg.ch\/","name":"ppsg","description":"","publisher":{"@id":"https:\/\/ppsg.ch\/#organization"},"alternateName":"Psychiatrische Praxis St. Gallen","potentialAction":[{"@type":"SearchAction","target":{"@type":"EntryPoint","urlTemplate":"https:\/\/ppsg.ch\/?s={search_term_string}"},"query-input":{"@type":"PropertyValueSpecification","valueRequired":true,"valueName":"search_term_string"}}],"inLanguage":"de"},{"@type":"Organization","@id":"https:\/\/ppsg.ch\/#organization","name":"ppsg","alternateName":"Psychiatrische Praxis St. Gallen","url":"https:\/\/ppsg.ch\/","logo":{"@type":"ImageObject","inLanguage":"de","@id":"https:\/\/ppsg.ch\/#\/schema\/logo\/image\/","url":"https:\/\/ppsg.ch\/wp-content\/uploads\/2023\/04\/400PngdpiLogo.png","contentUrl":"https:\/\/ppsg.ch\/wp-content\/uploads\/2023\/04\/400PngdpiLogo.png","width":2672,"height":1617,"caption":"ppsg"},"image":{"@id":"https:\/\/ppsg.ch\/#\/schema\/logo\/image\/"}}]}},"_links":{"self":[{"href":"https:\/\/ppsg.ch\/index.php?rest_route=\/wp\/v2\/pages\/3098","targetHints":{"allow":["GET"]}}],"collection":[{"href":"https:\/\/ppsg.ch\/index.php?rest_route=\/wp\/v2\/pages"}],"about":[{"href":"https:\/\/ppsg.ch\/index.php?rest_route=\/wp\/v2\/types\/page"}],"author":[{"embeddable":true,"href":"https:\/\/ppsg.ch\/index.php?rest_route=\/wp\/v2\/users\/1"}],"replies":[{"embeddable":true,"href":"https:\/\/ppsg.ch\/index.php?rest_route=%2Fwp%2Fv2%2Fcomments&post=3098"}],"version-history":[{"count":1,"href":"https:\/\/ppsg.ch\/index.php?rest_route=\/wp\/v2\/pages\/3098\/revisions"}],"predecessor-version":[{"id":3099,"href":"https:\/\/ppsg.ch\/index.php?rest_route=\/wp\/v2\/pages\/3098\/revisions\/3099"}],"wp:attachment":[{"href":"https:\/\/ppsg.ch\/index.php?rest_route=%2Fwp%2Fv2%2Fmedia&parent=3098"}],"curies":[{"name":"wp","href":"https:\/\/api.w.org\/{rel}","templated":true}]}}