{"id":3077,"date":"2025-11-10T16:53:28","date_gmt":"2025-11-10T16:53:28","guid":{"rendered":"https:\/\/ppsg.ch\/?page_id=3077"},"modified":"2025-11-10T16:55:00","modified_gmt":"2025-11-10T16:55:00","slug":"cyp2d6-gen-chromosom-22q13-1","status":"publish","type":"page","link":"https:\/\/ppsg.ch\/?page_id=3077","title":{"rendered":"CYP2D6-Gen Chromosom 22q13.1"},"content":{"rendered":"<p>CYP2D6 ist eines der wichtigsten und am besten verstandenen, pharmakogenetisch relevanten Enzyme. Ca. 25% aller g\u00e4ngigen Arzneimittel werden durch CYP2D6 metabolisiert, darunter viele Antidepressiva, Antipsychotika, Antiarrhythmika, Betablocker, Opioid-Analgetika und Krebsmedikamente. Im CYP2D6-Gen unterscheidet man aufgrund der genetischen Variabilit\u00e4t zwischen den vier Metabolisierungstypen Extensive (EM), Intermediate (IM), Poor (PM) und Ultrarapid Metabolizer (UM). Traditionell galten zwei inaktive Genkopien als PM, eine inaktive und eine vermindert aktive Genkopien als IM, das Vorhandensein einer Genduplikation als UM und alles andere als EM. Inzwischen verwenden die Internationalen Konsortien jedoch ein komplexeres Scoringsystem, um den tats\u00e4chlich m\u00f6glichen Abstufungen der Genaktivit\u00e4t besser gerecht zu werden. Das am weitesten ausgereiftes Modell wurde vom Clinical Pharmacogenetics Implementation Consortium (CPIC) erarbeitet. Hiernach werden f\u00fcr die verschiedenen m\u00f6glichen Haplotypen n\u00e4herungsweise folgende Activity Scores festgelegt:<\/p>\n<p>o Haplotypen mit normaler Aktivit\u00e4t (wie *1): 1.0<br \/>\no Haplotypen mit verminderter Aktivit\u00e4t (wie z.B. *17, *29, *41): 0.5<br \/>\no Haplotyp *10 mit stark verminderter Aktivit\u00e4t: 0.25<br \/>\no Haplotypen ohne Aktivit\u00e4t (wie *3, *4, etc.): 0.0<\/p>\n<p>In Abh\u00e4ngigkeit von der Anzahl der Genkopien, die &#8211; anders als in den meisten anderen Genen &#8211; in CYP2D6 nicht immer zwei betr\u00e4gt, sondern durch Deletion und Duplikationen auch bei null, eins oder Werten \u00fcber zwei liegen kann, wird daraus schliesslich der Activity Score des vorliegenden Diplotyps berechnet, der wiederum einem der o.g. Metabolisierungstypen zugeordnet wird.<\/p>\n","protected":false},"excerpt":{"rendered":"<p>CYP2D6 ist eines der wichtigsten und am besten verstandenen, pharmakogenetisch relevanten Enzyme. Ca. 25% aller g\u00e4ngigen Arzneimittel werden durch CYP2D6 metabolisiert, darunter viele Antidepressiva, Antipsychotika, Antiarrhythmika, Betablocker, Opioid-Analgetika und Krebsmedikamente. Im CYP2D6-Gen unterscheidet man aufgrund der genetischen Variabilit\u00e4t zwischen den vier Metabolisierungstypen Extensive (EM), Intermediate (IM), Poor (PM) und Ultrarapid Metabolizer (UM). Traditionell galten zwei<\/p>\n","protected":false},"author":1,"featured_media":0,"parent":0,"menu_order":0,"comment_status":"closed","ping_status":"closed","template":"","meta":{"_acf_changed":false,"_themeisle_gutenberg_block_has_review":false,"footnotes":""},"class_list":["post-3077","page","type-page","status-publish","hentry"],"acf":[],"yoast_head":"<!-- This site is optimized with the Yoast SEO Premium plugin v21.6 (Yoast SEO v27.5) - https:\/\/yoast.com\/product\/yoast-seo-premium-wordpress\/ -->\n<title>CYP2D6-Gen Chromosom 22q13.1 - Psychiatrische Praxis St. Gallen \u01c0 PPSG<\/title>\n<meta name=\"robots\" content=\"index, follow, max-snippet:-1, max-image-preview:large, max-video-preview:-1\" \/>\n<link rel=\"canonical\" href=\"https:\/\/ppsg.ch\/?page_id=3077\" \/>\n<meta property=\"og:locale\" content=\"de_DE\" \/>\n<meta property=\"og:type\" content=\"article\" \/>\n<meta property=\"og:title\" content=\"CYP2D6-Gen Chromosom 22q13.1\" \/>\n<meta property=\"og:description\" content=\"CYP2D6 ist eines der wichtigsten und am besten verstandenen, pharmakogenetisch relevanten Enzyme. Ca. 25% aller g\u00e4ngigen Arzneimittel werden durch CYP2D6 metabolisiert, darunter viele Antidepressiva, Antipsychotika, Antiarrhythmika, Betablocker, Opioid-Analgetika und Krebsmedikamente. Im CYP2D6-Gen unterscheidet man aufgrund der genetischen Variabilit\u00e4t zwischen den vier Metabolisierungstypen Extensive (EM), Intermediate (IM), Poor (PM) und Ultrarapid Metabolizer (UM). Traditionell galten zwei\" \/>\n<meta property=\"og:url\" content=\"https:\/\/ppsg.ch\/?page_id=3077\" \/>\n<meta property=\"og:site_name\" content=\"Psychiatrische Praxis St. Gallen \u01c0 PPSG\" \/>\n<meta property=\"article:modified_time\" content=\"2025-11-10T16:55:00+00:00\" \/>\n<meta property=\"og:image\" content=\"https:\/\/ppsg.ch\/wp-content\/uploads\/2023\/04\/Fotolia_139857590_M-Kopie-2.jpg\" \/>\n\t<meta property=\"og:image:width\" content=\"1715\" \/>\n\t<meta property=\"og:image:height\" content=\"1108\" \/>\n\t<meta property=\"og:image:type\" content=\"image\/jpeg\" \/>\n<meta name=\"twitter:card\" content=\"summary_large_image\" \/>\n<meta name=\"twitter:label1\" content=\"Gesch\u00e4tzte Lesezeit\" \/>\n\t<meta name=\"twitter:data1\" content=\"2\u00a0Minuten\" \/>\n<script type=\"application\/ld+json\" class=\"yoast-schema-graph\">{\"@context\":\"https:\\\/\\\/schema.org\",\"@graph\":[{\"@type\":\"WebPage\",\"@id\":\"https:\\\/\\\/ppsg.ch\\\/?page_id=3077\",\"url\":\"https:\\\/\\\/ppsg.ch\\\/?page_id=3077\",\"name\":\"CYP2D6-Gen Chromosom 22q13.1 - Psychiatrische Praxis St. Gallen \u01c0 PPSG\",\"isPartOf\":{\"@id\":\"https:\\\/\\\/ppsg.ch\\\/#website\"},\"datePublished\":\"2025-11-10T16:53:28+00:00\",\"dateModified\":\"2025-11-10T16:55:00+00:00\",\"inLanguage\":\"de\",\"potentialAction\":[{\"@type\":\"ReadAction\",\"target\":[\"https:\\\/\\\/ppsg.ch\\\/?page_id=3077\"]}]},{\"@type\":\"WebSite\",\"@id\":\"https:\\\/\\\/ppsg.ch\\\/#website\",\"url\":\"https:\\\/\\\/ppsg.ch\\\/\",\"name\":\"ppsg\",\"description\":\"\",\"publisher\":{\"@id\":\"https:\\\/\\\/ppsg.ch\\\/#organization\"},\"alternateName\":\"Psychiatrische Praxis St. Gallen\",\"potentialAction\":[{\"@type\":\"SearchAction\",\"target\":{\"@type\":\"EntryPoint\",\"urlTemplate\":\"https:\\\/\\\/ppsg.ch\\\/?s={search_term_string}\"},\"query-input\":{\"@type\":\"PropertyValueSpecification\",\"valueRequired\":true,\"valueName\":\"search_term_string\"}}],\"inLanguage\":\"de\"},{\"@type\":\"Organization\",\"@id\":\"https:\\\/\\\/ppsg.ch\\\/#organization\",\"name\":\"ppsg\",\"alternateName\":\"Psychiatrische Praxis St. Gallen\",\"url\":\"https:\\\/\\\/ppsg.ch\\\/\",\"logo\":{\"@type\":\"ImageObject\",\"inLanguage\":\"de\",\"@id\":\"https:\\\/\\\/ppsg.ch\\\/#\\\/schema\\\/logo\\\/image\\\/\",\"url\":\"https:\\\/\\\/ppsg.ch\\\/wp-content\\\/uploads\\\/2023\\\/04\\\/400PngdpiLogo.png\",\"contentUrl\":\"https:\\\/\\\/ppsg.ch\\\/wp-content\\\/uploads\\\/2023\\\/04\\\/400PngdpiLogo.png\",\"width\":2672,\"height\":1617,\"caption\":\"ppsg\"},\"image\":{\"@id\":\"https:\\\/\\\/ppsg.ch\\\/#\\\/schema\\\/logo\\\/image\\\/\"}}]}<\/script>\n<!-- \/ Yoast SEO Premium plugin. -->","yoast_head_json":{"title":"CYP2D6-Gen Chromosom 22q13.1 - Psychiatrische Praxis St. Gallen \u01c0 PPSG","robots":{"index":"index","follow":"follow","max-snippet":"max-snippet:-1","max-image-preview":"max-image-preview:large","max-video-preview":"max-video-preview:-1"},"canonical":"https:\/\/ppsg.ch\/?page_id=3077","og_locale":"de_DE","og_type":"article","og_title":"CYP2D6-Gen Chromosom 22q13.1","og_description":"CYP2D6 ist eines der wichtigsten und am besten verstandenen, pharmakogenetisch relevanten Enzyme. Ca. 25% aller g\u00e4ngigen Arzneimittel werden durch CYP2D6 metabolisiert, darunter viele Antidepressiva, Antipsychotika, Antiarrhythmika, Betablocker, Opioid-Analgetika und Krebsmedikamente. Im CYP2D6-Gen unterscheidet man aufgrund der genetischen Variabilit\u00e4t zwischen den vier Metabolisierungstypen Extensive (EM), Intermediate (IM), Poor (PM) und Ultrarapid Metabolizer (UM). Traditionell galten zwei","og_url":"https:\/\/ppsg.ch\/?page_id=3077","og_site_name":"Psychiatrische Praxis St. Gallen \u01c0 PPSG","article_modified_time":"2025-11-10T16:55:00+00:00","og_image":[{"width":1715,"height":1108,"url":"https:\/\/ppsg.ch\/wp-content\/uploads\/2023\/04\/Fotolia_139857590_M-Kopie-2.jpg","type":"image\/jpeg"}],"twitter_card":"summary_large_image","twitter_misc":{"Gesch\u00e4tzte Lesezeit":"2\u00a0Minuten"},"schema":{"@context":"https:\/\/schema.org","@graph":[{"@type":"WebPage","@id":"https:\/\/ppsg.ch\/?page_id=3077","url":"https:\/\/ppsg.ch\/?page_id=3077","name":"CYP2D6-Gen Chromosom 22q13.1 - Psychiatrische Praxis St. Gallen \u01c0 PPSG","isPartOf":{"@id":"https:\/\/ppsg.ch\/#website"},"datePublished":"2025-11-10T16:53:28+00:00","dateModified":"2025-11-10T16:55:00+00:00","inLanguage":"de","potentialAction":[{"@type":"ReadAction","target":["https:\/\/ppsg.ch\/?page_id=3077"]}]},{"@type":"WebSite","@id":"https:\/\/ppsg.ch\/#website","url":"https:\/\/ppsg.ch\/","name":"ppsg","description":"","publisher":{"@id":"https:\/\/ppsg.ch\/#organization"},"alternateName":"Psychiatrische Praxis St. Gallen","potentialAction":[{"@type":"SearchAction","target":{"@type":"EntryPoint","urlTemplate":"https:\/\/ppsg.ch\/?s={search_term_string}"},"query-input":{"@type":"PropertyValueSpecification","valueRequired":true,"valueName":"search_term_string"}}],"inLanguage":"de"},{"@type":"Organization","@id":"https:\/\/ppsg.ch\/#organization","name":"ppsg","alternateName":"Psychiatrische Praxis St. Gallen","url":"https:\/\/ppsg.ch\/","logo":{"@type":"ImageObject","inLanguage":"de","@id":"https:\/\/ppsg.ch\/#\/schema\/logo\/image\/","url":"https:\/\/ppsg.ch\/wp-content\/uploads\/2023\/04\/400PngdpiLogo.png","contentUrl":"https:\/\/ppsg.ch\/wp-content\/uploads\/2023\/04\/400PngdpiLogo.png","width":2672,"height":1617,"caption":"ppsg"},"image":{"@id":"https:\/\/ppsg.ch\/#\/schema\/logo\/image\/"}}]}},"_links":{"self":[{"href":"https:\/\/ppsg.ch\/index.php?rest_route=\/wp\/v2\/pages\/3077","targetHints":{"allow":["GET"]}}],"collection":[{"href":"https:\/\/ppsg.ch\/index.php?rest_route=\/wp\/v2\/pages"}],"about":[{"href":"https:\/\/ppsg.ch\/index.php?rest_route=\/wp\/v2\/types\/page"}],"author":[{"embeddable":true,"href":"https:\/\/ppsg.ch\/index.php?rest_route=\/wp\/v2\/users\/1"}],"replies":[{"embeddable":true,"href":"https:\/\/ppsg.ch\/index.php?rest_route=%2Fwp%2Fv2%2Fcomments&post=3077"}],"version-history":[{"count":1,"href":"https:\/\/ppsg.ch\/index.php?rest_route=\/wp\/v2\/pages\/3077\/revisions"}],"predecessor-version":[{"id":3078,"href":"https:\/\/ppsg.ch\/index.php?rest_route=\/wp\/v2\/pages\/3077\/revisions\/3078"}],"wp:attachment":[{"href":"https:\/\/ppsg.ch\/index.php?rest_route=%2Fwp%2Fv2%2Fmedia&parent=3077"}],"curies":[{"name":"wp","href":"https:\/\/api.w.org\/{rel}","templated":true}]}}