{"id":3040,"date":"2025-11-10T15:30:51","date_gmt":"2025-11-10T15:30:51","guid":{"rendered":"https:\/\/ppsg.ch\/?page_id=3040"},"modified":"2025-11-10T15:30:51","modified_gmt":"2025-11-10T15:30:51","slug":"htr2a-gen-chromosom-13q14-q21","status":"publish","type":"page","link":"https:\/\/ppsg.ch\/?page_id=3040","title":{"rendered":"HTR2A-Gen Chromosom 13q14-q21"},"content":{"rendered":"<p>Das HTR2A-Gen kodiert f\u00fcr einen Serotonin-Rezeptor, der vor allem im zentralen Nervensystem, aber auch in Zellen des kardiovaskul\u00e4ren Systems und des peripheren Nervensystems lokalisiert ist. Er vermittelt zahlreiche Wirkungen des Neurotransmitters Serotonin, u.a. menschliches Verhalten (Angst), Kontrolle des Appetits und des Schlafs, Anspannung der glatten Muskulatur und vieles mehr. Variationen in diesem Gen k\u00f6nnen durch Ver\u00e4nderungen des Rezeptors die Wirksamkeit und Vertr\u00e4glichkeit von Antipsychotika und Antidepressiva beeinflussen.<\/p>\n","protected":false},"excerpt":{"rendered":"<p>Das HTR2A-Gen kodiert f\u00fcr einen Serotonin-Rezeptor, der vor allem im zentralen Nervensystem, aber auch in Zellen des kardiovaskul\u00e4ren Systems und des peripheren Nervensystems lokalisiert ist. Er vermittelt zahlreiche Wirkungen des Neurotransmitters Serotonin, u.a. menschliches Verhalten (Angst), Kontrolle des Appetits und des Schlafs, Anspannung der glatten Muskulatur und vieles mehr. Variationen in diesem Gen k\u00f6nnen durch<\/p>\n","protected":false},"author":1,"featured_media":0,"parent":0,"menu_order":0,"comment_status":"closed","ping_status":"closed","template":"","meta":{"_acf_changed":false,"_themeisle_gutenberg_block_has_review":false,"footnotes":""},"class_list":["post-3040","page","type-page","status-publish","hentry"],"acf":[],"yoast_head":"<!-- This site is optimized with the Yoast SEO Premium plugin v21.6 (Yoast SEO v27.5) - https:\/\/yoast.com\/product\/yoast-seo-premium-wordpress\/ -->\n<title>HTR2A-Gen Chromosom 13q14-q21 - Psychiatrische Praxis St. Gallen \u01c0 PPSG<\/title>\n<meta name=\"robots\" content=\"index, follow, max-snippet:-1, max-image-preview:large, max-video-preview:-1\" \/>\n<link rel=\"canonical\" href=\"https:\/\/ppsg.ch\/?page_id=3040\" \/>\n<meta property=\"og:locale\" content=\"de_DE\" \/>\n<meta property=\"og:type\" content=\"article\" \/>\n<meta property=\"og:title\" content=\"HTR2A-Gen Chromosom 13q14-q21\" \/>\n<meta property=\"og:description\" content=\"Das HTR2A-Gen kodiert f\u00fcr einen Serotonin-Rezeptor, der vor allem im zentralen Nervensystem, aber auch in Zellen des kardiovaskul\u00e4ren Systems und des peripheren Nervensystems lokalisiert ist. Er vermittelt zahlreiche Wirkungen des Neurotransmitters Serotonin, u.a. menschliches Verhalten (Angst), Kontrolle des Appetits und des Schlafs, Anspannung der glatten Muskulatur und vieles mehr. Variationen in diesem Gen k\u00f6nnen durch\" \/>\n<meta property=\"og:url\" content=\"https:\/\/ppsg.ch\/?page_id=3040\" \/>\n<meta property=\"og:site_name\" content=\"Psychiatrische Praxis St. Gallen \u01c0 PPSG\" \/>\n<meta property=\"og:image\" content=\"https:\/\/ppsg.ch\/wp-content\/uploads\/2023\/04\/Fotolia_139857590_M-Kopie-2.jpg\" \/>\n\t<meta property=\"og:image:width\" content=\"1715\" \/>\n\t<meta property=\"og:image:height\" content=\"1108\" \/>\n\t<meta property=\"og:image:type\" content=\"image\/jpeg\" \/>\n<meta name=\"twitter:card\" content=\"summary_large_image\" \/>\n<meta name=\"twitter:label1\" content=\"Gesch\u00e4tzte Lesezeit\" \/>\n\t<meta name=\"twitter:data1\" content=\"1\u00a0Minute\" \/>\n<script type=\"application\/ld+json\" class=\"yoast-schema-graph\">{\"@context\":\"https:\\\/\\\/schema.org\",\"@graph\":[{\"@type\":\"WebPage\",\"@id\":\"https:\\\/\\\/ppsg.ch\\\/?page_id=3040\",\"url\":\"https:\\\/\\\/ppsg.ch\\\/?page_id=3040\",\"name\":\"HTR2A-Gen Chromosom 13q14-q21 - Psychiatrische Praxis St. Gallen \u01c0 PPSG\",\"isPartOf\":{\"@id\":\"https:\\\/\\\/ppsg.ch\\\/#website\"},\"datePublished\":\"2025-11-10T15:30:51+00:00\",\"inLanguage\":\"de\",\"potentialAction\":[{\"@type\":\"ReadAction\",\"target\":[\"https:\\\/\\\/ppsg.ch\\\/?page_id=3040\"]}]},{\"@type\":\"WebSite\",\"@id\":\"https:\\\/\\\/ppsg.ch\\\/#website\",\"url\":\"https:\\\/\\\/ppsg.ch\\\/\",\"name\":\"ppsg\",\"description\":\"\",\"publisher\":{\"@id\":\"https:\\\/\\\/ppsg.ch\\\/#organization\"},\"alternateName\":\"Psychiatrische Praxis St. Gallen\",\"potentialAction\":[{\"@type\":\"SearchAction\",\"target\":{\"@type\":\"EntryPoint\",\"urlTemplate\":\"https:\\\/\\\/ppsg.ch\\\/?s={search_term_string}\"},\"query-input\":{\"@type\":\"PropertyValueSpecification\",\"valueRequired\":true,\"valueName\":\"search_term_string\"}}],\"inLanguage\":\"de\"},{\"@type\":\"Organization\",\"@id\":\"https:\\\/\\\/ppsg.ch\\\/#organization\",\"name\":\"ppsg\",\"alternateName\":\"Psychiatrische Praxis St. Gallen\",\"url\":\"https:\\\/\\\/ppsg.ch\\\/\",\"logo\":{\"@type\":\"ImageObject\",\"inLanguage\":\"de\",\"@id\":\"https:\\\/\\\/ppsg.ch\\\/#\\\/schema\\\/logo\\\/image\\\/\",\"url\":\"https:\\\/\\\/ppsg.ch\\\/wp-content\\\/uploads\\\/2023\\\/04\\\/400PngdpiLogo.png\",\"contentUrl\":\"https:\\\/\\\/ppsg.ch\\\/wp-content\\\/uploads\\\/2023\\\/04\\\/400PngdpiLogo.png\",\"width\":2672,\"height\":1617,\"caption\":\"ppsg\"},\"image\":{\"@id\":\"https:\\\/\\\/ppsg.ch\\\/#\\\/schema\\\/logo\\\/image\\\/\"}}]}<\/script>\n<!-- \/ Yoast SEO Premium plugin. -->","yoast_head_json":{"title":"HTR2A-Gen Chromosom 13q14-q21 - Psychiatrische Praxis St. Gallen \u01c0 PPSG","robots":{"index":"index","follow":"follow","max-snippet":"max-snippet:-1","max-image-preview":"max-image-preview:large","max-video-preview":"max-video-preview:-1"},"canonical":"https:\/\/ppsg.ch\/?page_id=3040","og_locale":"de_DE","og_type":"article","og_title":"HTR2A-Gen Chromosom 13q14-q21","og_description":"Das HTR2A-Gen kodiert f\u00fcr einen Serotonin-Rezeptor, der vor allem im zentralen Nervensystem, aber auch in Zellen des kardiovaskul\u00e4ren Systems und des peripheren Nervensystems lokalisiert ist. Er vermittelt zahlreiche Wirkungen des Neurotransmitters Serotonin, u.a. menschliches Verhalten (Angst), Kontrolle des Appetits und des Schlafs, Anspannung der glatten Muskulatur und vieles mehr. Variationen in diesem Gen k\u00f6nnen durch","og_url":"https:\/\/ppsg.ch\/?page_id=3040","og_site_name":"Psychiatrische Praxis St. Gallen \u01c0 PPSG","og_image":[{"width":1715,"height":1108,"url":"https:\/\/ppsg.ch\/wp-content\/uploads\/2023\/04\/Fotolia_139857590_M-Kopie-2.jpg","type":"image\/jpeg"}],"twitter_card":"summary_large_image","twitter_misc":{"Gesch\u00e4tzte Lesezeit":"1\u00a0Minute"},"schema":{"@context":"https:\/\/schema.org","@graph":[{"@type":"WebPage","@id":"https:\/\/ppsg.ch\/?page_id=3040","url":"https:\/\/ppsg.ch\/?page_id=3040","name":"HTR2A-Gen Chromosom 13q14-q21 - Psychiatrische Praxis St. Gallen \u01c0 PPSG","isPartOf":{"@id":"https:\/\/ppsg.ch\/#website"},"datePublished":"2025-11-10T15:30:51+00:00","inLanguage":"de","potentialAction":[{"@type":"ReadAction","target":["https:\/\/ppsg.ch\/?page_id=3040"]}]},{"@type":"WebSite","@id":"https:\/\/ppsg.ch\/#website","url":"https:\/\/ppsg.ch\/","name":"ppsg","description":"","publisher":{"@id":"https:\/\/ppsg.ch\/#organization"},"alternateName":"Psychiatrische Praxis St. Gallen","potentialAction":[{"@type":"SearchAction","target":{"@type":"EntryPoint","urlTemplate":"https:\/\/ppsg.ch\/?s={search_term_string}"},"query-input":{"@type":"PropertyValueSpecification","valueRequired":true,"valueName":"search_term_string"}}],"inLanguage":"de"},{"@type":"Organization","@id":"https:\/\/ppsg.ch\/#organization","name":"ppsg","alternateName":"Psychiatrische Praxis St. Gallen","url":"https:\/\/ppsg.ch\/","logo":{"@type":"ImageObject","inLanguage":"de","@id":"https:\/\/ppsg.ch\/#\/schema\/logo\/image\/","url":"https:\/\/ppsg.ch\/wp-content\/uploads\/2023\/04\/400PngdpiLogo.png","contentUrl":"https:\/\/ppsg.ch\/wp-content\/uploads\/2023\/04\/400PngdpiLogo.png","width":2672,"height":1617,"caption":"ppsg"},"image":{"@id":"https:\/\/ppsg.ch\/#\/schema\/logo\/image\/"}}]}},"_links":{"self":[{"href":"https:\/\/ppsg.ch\/index.php?rest_route=\/wp\/v2\/pages\/3040","targetHints":{"allow":["GET"]}}],"collection":[{"href":"https:\/\/ppsg.ch\/index.php?rest_route=\/wp\/v2\/pages"}],"about":[{"href":"https:\/\/ppsg.ch\/index.php?rest_route=\/wp\/v2\/types\/page"}],"author":[{"embeddable":true,"href":"https:\/\/ppsg.ch\/index.php?rest_route=\/wp\/v2\/users\/1"}],"replies":[{"embeddable":true,"href":"https:\/\/ppsg.ch\/index.php?rest_route=%2Fwp%2Fv2%2Fcomments&post=3040"}],"version-history":[{"count":1,"href":"https:\/\/ppsg.ch\/index.php?rest_route=\/wp\/v2\/pages\/3040\/revisions"}],"predecessor-version":[{"id":3041,"href":"https:\/\/ppsg.ch\/index.php?rest_route=\/wp\/v2\/pages\/3040\/revisions\/3041"}],"wp:attachment":[{"href":"https:\/\/ppsg.ch\/index.php?rest_route=%2Fwp%2Fv2%2Fmedia&parent=3040"}],"curies":[{"name":"wp","href":"https:\/\/api.w.org\/{rel}","templated":true}]}}