{"id":266,"date":"2023-06-08T11:37:07","date_gmt":"2023-06-08T11:37:07","guid":{"rendered":"https:\/\/ppsg.ch\/?page_id=266"},"modified":"2023-06-17T20:56:55","modified_gmt":"2023-06-17T20:56:55","slug":"schizophrenie","status":"publish","type":"page","link":"https:\/\/ppsg.ch\/?page_id=266","title":{"rendered":"Psychosen"},"content":{"rendered":"<h3 style=\"text-align: justify;\"><span style=\"font-family: 'Open Sans';\"><span style=\"color: #467aa7;\">Symptome<\/span><span style=\"color: #333399;\"><strong><br \/>\n<\/strong><\/span><\/span><\/h3>\n<p style=\"text-align: justify;\"><span style=\"font-family: 'Open Sans';\">Bei Psychosen, insbesondere bei der schizophrenen Erkrankung kommt es zum Auftreten charakteristischer, Sym\u00adptomen wie Wahn, Halluzinationen, Denkst\u00f6rungen, Ich-St\u00f6rungen, Gef\u00fchlsst\u00f6run\u00adgen, Verstimmungen und psychomotorischen St\u00f6rungen. Durch die heutigen Behandlungsmethoden hat sich die Prognose insgesamt verbessert. Trotz R\u00fcckgang der Dauerhospitalisierungen und erfolgreicher Resozialisierungen verl\u00e4uft die Krank\u00adheit nicht selten invalidisierend.<\/span><\/p>\n<h3 style=\"text-align: justify;\"><span style=\"font-family: 'Open Sans'; color: #467aa7;\">Ursache und Krankheitsentwicklung<\/span><\/h3>\n<p style=\"text-align: justify;\"><span style=\"font-family: 'Open Sans';\">Die schizophrenen Psychosen geh\u00f6ren zur Krankheitsgruppe der endogenen Psy\u00adchosen, bei denen anlagebedingte Faktoren als eine wichtige Ursache angesehen werden. In den letzten Jahrzehnten ist im Bereich der schizophrenen Psychosen viel geforscht worden. Viele Fragen sind noch unbeantwortet, aber einiges an Wissen gilt heute als gesichert. Neben den genetischen Ursachen (ca. 40 Risikogene) und epigenetischen Einfl\u00fcssen sind im wesentlichen zwei andere Bedingungsfaktoren von Bedeutung. Psychische und soziale Faktoren wer\u00adden bei der Entstehung der Schizophrenie identifiziert. Die psychosozialen Faktoren scheinen eher f\u00fcr den Verlauf als f\u00fcr die Entstehung der Erkrankung bestimmend zu sein. Die Formulierung des Verletzlichkeitsmodells tr\u00e4gt den komplexen Entste\u00adhungsbedingungen Rechnung. Eine ver\u00e4nderte Hirnanatomie und ein beeintr\u00e4chtig\u00adter Hirnstoffwechsel f\u00fchren bei Belastungen und Stress zu einer Funktionsst\u00f6rung des Gehirns. Die Folgen k\u00f6nnen Zerfahrenheit des Denkens, das Aufheben der Ein\u00adheit von F\u00fchlen, Handeln, Denken, das Gef\u00fchl der Beeinflussung von aussen, Autis\u00admus, Wahnideen und Halluzinationen sein. Wahnideen entstehen nicht selten als Folge von Halluzinationen. Der Schizophreniekranke h\u00f6rt etwa Stimmen, die seine Handlungen kommentieren, oder Befehle erteilen. F\u00fcr die kranken Menschen sind solche Sinnest\u00e4uschungen \u00abreale Wahrnehmungen\u00bb, die sie zu erkl\u00e4ren versuchen. Schizophrene Wahngedanken haben oft etwas bizarres oder einen magisch-mystischen Charakter. Psychotische Symptome sind meistens von starken, qu\u00e4len\u00adden \u00c4ngsten begleitet. Antriebsminderung, Initiativemangel, Passivit\u00e4t und Gef\u00fchls\u00adarmut werden als Minussymptome beschrieben. St\u00f6rungen des Sozialverhaltens \u00e4ussern sich im R\u00fcckzug bis hin zur Isolierung und Vereinsamung. Die Erscheinungsbilder dieser Erkrankung sind schon lange bekannt. Der Begriff Schizophrenie wurde 1911 vom Schweizer Psychiater Eugen Bleuler eingef\u00fchrt. Vor\u00adher wurde der Krankheitsbegriff von Kraepelin als \u00abDementia praecox\u00bb (vorzeitige Verbl\u00f6dung) beschrieben.<\/span><\/p>\n<div>\n<h3 style=\"text-align: justify;\"><span style=\"font-family: 'Open Sans'; color: #467aa7;\">H\u00e4ufigkeit<\/span><\/h3>\n<p style=\"text-align: justify;\"><span style=\"font-family: 'Open Sans';\">Die Wahrscheinlichkeit, im Laufe des Lebens an einer Schizophrenie zu erkranken, liegt in der Durchschnittsbev\u00f6lkerung etwa bei einem Prozent. M\u00e4nner und Frauen sind gleich h\u00e4ufig betroffen. Das Erkrankungsrisiko ist in verschiedenen L\u00e4ndern der Welt mit unterschiedlichem soziokulturellem Hintergrund etwa gleich. Das Haupterkrankungsalter liegt zwischen der Pubert\u00e4t und 30. Lebensjahr. Schizophrene Patientinnen und Patienten haben ein hohes Suizidrisiko, das in der Gr\u00f6ssenordnung von 10% angegeben wird.<\/span><\/p>\n<h3 style=\"text-align: justify;\"><span style=\"font-family: 'Open Sans'; color: #467aa7;\">Prognose<\/span><\/h3>\n<p style=\"text-align: justify;\"><span style=\"font-family: 'Open Sans';\">Hinsichtlich der Prognose handelt es sich um eine der schwerwiegendsten psychiat\u00adrischen Erkrankung. Unter den heutigen Behandlungsbedingungen zeigen aber gl\u00fccklicherweise nicht alle Schizophreniekranke einen ung\u00fcnstigen Verlauf. Ein Drittel der Patientinnen und Patienten erkrankt nach einmaligem Auftreten der Krankheit nie wieder. Jeder f\u00fcnfte zeigt langfristig schwere Beeintr\u00e4chtigungen oder Behinderungen.<\/span><\/p>\n<div>\n<h3 style=\"text-align: justify;\"><span style=\"font-family: 'Open Sans'; color: #467aa7;\">Behandlung<\/span><\/h3>\n<p style=\"text-align: justify;\"><span style=\"font-family: 'Open Sans';\">Das Mittel der Wahl f\u00fcr die spezifische Behandlung der Schizophrenie ist die medi\u00adkament\u00f6se Therapie mit einem sogenannten atypischen Neuroleptikum, einem antipsychotischen Medikament der neusten Klasse. Sie wirken symptomunterdr\u00fcckend und beruhigend. In der Langzeitbehandlung dienen die Medikamente der Reizab\u00adschirmung und der Vorbeugung vor R\u00fcckf\u00e4llen, gew\u00e4hren Schutz vor psychischer \u00dcberlastung und verbessern die gest\u00f6rten Denkprozesse. Die Psychotherapie, die Soziotherapie und die Rehabilitationstherapie stellen weitere Behandlungselemente dar. Dabei spielen die Hilfe bei der Alltagsbew\u00e4ltigung, die Wiedereingliederung in den Beruf oder Ausbildung, die Entwicklung individueller Strategien zur Bew\u00e4ltigung der Krankheit eine wesentliche Rolle.<\/span><\/p>\n<p style=\"text-align: justify;\"><span style=\"font-family: 'Open Sans';\"> <img fetchpriority=\"high\" decoding=\"async\" class=\"alignnone wp-image-729\" src=\"https:\/\/ppsg.ch\/wp-content\/uploads\/2023\/06\/Therapieziele_Schizophrenie-2.png\" alt=\"\" width=\"1265\" height=\"687\" \/><\/span><\/p>\n<\/div>\n<\/div>\n<p style=\"text-align: justify;\"><span style=\"font-family: 'Open Sans'; font-size: 10px;\">\u00a0Lehman AF, Lieberman JA, Dixon LB, et al. APA practice guideline for the treatment of patients with schizophrenia. Am J Psychiatry 2004;161(suppl 2):1-56.<\/span><\/p>\n<p style=\"text-align: justify;\">\n","protected":false},"excerpt":{"rendered":"<p>Symptome Bei Psychosen, insbesondere bei der schizophrenen Erkrankung kommt es zum Auftreten charakteristischer, Sym\u00adptomen wie Wahn, Halluzinationen, Denkst\u00f6rungen, Ich-St\u00f6rungen, Gef\u00fchlsst\u00f6run\u00adgen, Verstimmungen und psychomotorischen St\u00f6rungen. Durch die heutigen Behandlungsmethoden hat sich die Prognose insgesamt verbessert. Trotz R\u00fcckgang der Dauerhospitalisierungen und erfolgreicher Resozialisierungen verl\u00e4uft die Krank\u00adheit nicht selten invalidisierend. Ursache und Krankheitsentwicklung Die schizophrenen Psychosen geh\u00f6ren zur<\/p>\n","protected":false},"author":1,"featured_media":0,"parent":0,"menu_order":0,"comment_status":"closed","ping_status":"closed","template":"","meta":{"_acf_changed":false,"_themeisle_gutenberg_block_has_review":false,"footnotes":""},"class_list":["post-266","page","type-page","status-publish","hentry"],"acf":[],"yoast_head":"<!-- This site is optimized with the Yoast SEO Premium plugin v21.6 (Yoast SEO v27.5) - https:\/\/yoast.com\/product\/yoast-seo-premium-wordpress\/ -->\n<title>Psychosen - Psychiatrische Praxis St. Gallen \u01c0 PPSG<\/title>\n<meta name=\"robots\" content=\"index, follow, max-snippet:-1, max-image-preview:large, max-video-preview:-1\" \/>\n<link rel=\"canonical\" href=\"https:\/\/ppsg.ch\/?page_id=266\" \/>\n<meta property=\"og:locale\" content=\"de_DE\" \/>\n<meta property=\"og:type\" content=\"article\" \/>\n<meta property=\"og:title\" content=\"Psychosen\" \/>\n<meta property=\"og:description\" content=\"Symptome Bei Psychosen, insbesondere bei der schizophrenen Erkrankung kommt es zum Auftreten charakteristischer, Sym\u00adptomen wie Wahn, Halluzinationen, Denkst\u00f6rungen, Ich-St\u00f6rungen, Gef\u00fchlsst\u00f6run\u00adgen, Verstimmungen und psychomotorischen St\u00f6rungen. Durch die heutigen Behandlungsmethoden hat sich die Prognose insgesamt verbessert. Trotz R\u00fcckgang der Dauerhospitalisierungen und erfolgreicher Resozialisierungen verl\u00e4uft die Krank\u00adheit nicht selten invalidisierend. Ursache und Krankheitsentwicklung Die schizophrenen Psychosen geh\u00f6ren zur\" \/>\n<meta property=\"og:url\" content=\"https:\/\/ppsg.ch\/?page_id=266\" \/>\n<meta property=\"og:site_name\" content=\"Psychiatrische Praxis St. Gallen \u01c0 PPSG\" \/>\n<meta property=\"article:modified_time\" content=\"2023-06-17T20:56:55+00:00\" \/>\n<meta property=\"og:image\" content=\"https:\/\/ppsg.ch\/wp-content\/uploads\/2023\/06\/Therapieziele_Schizophrenie-2.png\" \/>\n<meta name=\"twitter:card\" content=\"summary_large_image\" \/>\n<meta name=\"twitter:label1\" content=\"Gesch\u00e4tzte Lesezeit\" \/>\n\t<meta name=\"twitter:data1\" content=\"4\u00a0Minuten\" \/>\n<script type=\"application\/ld+json\" class=\"yoast-schema-graph\">{\"@context\":\"https:\\\/\\\/schema.org\",\"@graph\":[{\"@type\":\"WebPage\",\"@id\":\"https:\\\/\\\/ppsg.ch\\\/?page_id=266\",\"url\":\"https:\\\/\\\/ppsg.ch\\\/?page_id=266\",\"name\":\"Psychosen - Psychiatrische Praxis St. Gallen \u01c0 PPSG\",\"isPartOf\":{\"@id\":\"https:\\\/\\\/ppsg.ch\\\/#website\"},\"primaryImageOfPage\":{\"@id\":\"https:\\\/\\\/ppsg.ch\\\/?page_id=266#primaryimage\"},\"image\":{\"@id\":\"https:\\\/\\\/ppsg.ch\\\/?page_id=266#primaryimage\"},\"thumbnailUrl\":\"https:\\\/\\\/ppsg.ch\\\/wp-content\\\/uploads\\\/2023\\\/06\\\/Therapieziele_Schizophrenie-2.png\",\"datePublished\":\"2023-06-08T11:37:07+00:00\",\"dateModified\":\"2023-06-17T20:56:55+00:00\",\"inLanguage\":\"de\",\"potentialAction\":[{\"@type\":\"ReadAction\",\"target\":[\"https:\\\/\\\/ppsg.ch\\\/?page_id=266\"]}]},{\"@type\":\"ImageObject\",\"inLanguage\":\"de\",\"@id\":\"https:\\\/\\\/ppsg.ch\\\/?page_id=266#primaryimage\",\"url\":\"https:\\\/\\\/ppsg.ch\\\/wp-content\\\/uploads\\\/2023\\\/06\\\/Therapieziele_Schizophrenie-2.png\",\"contentUrl\":\"https:\\\/\\\/ppsg.ch\\\/wp-content\\\/uploads\\\/2023\\\/06\\\/Therapieziele_Schizophrenie-2.png\",\"width\":1418,\"height\":770},{\"@type\":\"WebSite\",\"@id\":\"https:\\\/\\\/ppsg.ch\\\/#website\",\"url\":\"https:\\\/\\\/ppsg.ch\\\/\",\"name\":\"ppsg\",\"description\":\"\",\"publisher\":{\"@id\":\"https:\\\/\\\/ppsg.ch\\\/#organization\"},\"alternateName\":\"Psychiatrische Praxis St. Gallen\",\"potentialAction\":[{\"@type\":\"SearchAction\",\"target\":{\"@type\":\"EntryPoint\",\"urlTemplate\":\"https:\\\/\\\/ppsg.ch\\\/?s={search_term_string}\"},\"query-input\":{\"@type\":\"PropertyValueSpecification\",\"valueRequired\":true,\"valueName\":\"search_term_string\"}}],\"inLanguage\":\"de\"},{\"@type\":\"Organization\",\"@id\":\"https:\\\/\\\/ppsg.ch\\\/#organization\",\"name\":\"ppsg\",\"alternateName\":\"Psychiatrische Praxis St. Gallen\",\"url\":\"https:\\\/\\\/ppsg.ch\\\/\",\"logo\":{\"@type\":\"ImageObject\",\"inLanguage\":\"de\",\"@id\":\"https:\\\/\\\/ppsg.ch\\\/#\\\/schema\\\/logo\\\/image\\\/\",\"url\":\"https:\\\/\\\/ppsg.ch\\\/wp-content\\\/uploads\\\/2023\\\/04\\\/400PngdpiLogo.png\",\"contentUrl\":\"https:\\\/\\\/ppsg.ch\\\/wp-content\\\/uploads\\\/2023\\\/04\\\/400PngdpiLogo.png\",\"width\":2672,\"height\":1617,\"caption\":\"ppsg\"},\"image\":{\"@id\":\"https:\\\/\\\/ppsg.ch\\\/#\\\/schema\\\/logo\\\/image\\\/\"}}]}<\/script>\n<!-- \/ Yoast SEO Premium plugin. -->","yoast_head_json":{"title":"Psychosen - Psychiatrische Praxis St. Gallen \u01c0 PPSG","robots":{"index":"index","follow":"follow","max-snippet":"max-snippet:-1","max-image-preview":"max-image-preview:large","max-video-preview":"max-video-preview:-1"},"canonical":"https:\/\/ppsg.ch\/?page_id=266","og_locale":"de_DE","og_type":"article","og_title":"Psychosen","og_description":"Symptome Bei Psychosen, insbesondere bei der schizophrenen Erkrankung kommt es zum Auftreten charakteristischer, Sym\u00adptomen wie Wahn, Halluzinationen, Denkst\u00f6rungen, Ich-St\u00f6rungen, Gef\u00fchlsst\u00f6run\u00adgen, Verstimmungen und psychomotorischen St\u00f6rungen. Durch die heutigen Behandlungsmethoden hat sich die Prognose insgesamt verbessert. Trotz R\u00fcckgang der Dauerhospitalisierungen und erfolgreicher Resozialisierungen verl\u00e4uft die Krank\u00adheit nicht selten invalidisierend. Ursache und Krankheitsentwicklung Die schizophrenen Psychosen geh\u00f6ren zur","og_url":"https:\/\/ppsg.ch\/?page_id=266","og_site_name":"Psychiatrische Praxis St. Gallen \u01c0 PPSG","article_modified_time":"2023-06-17T20:56:55+00:00","og_image":[{"url":"https:\/\/ppsg.ch\/wp-content\/uploads\/2023\/06\/Therapieziele_Schizophrenie-2.png","type":"","width":"","height":""}],"twitter_card":"summary_large_image","twitter_misc":{"Gesch\u00e4tzte Lesezeit":"4\u00a0Minuten"},"schema":{"@context":"https:\/\/schema.org","@graph":[{"@type":"WebPage","@id":"https:\/\/ppsg.ch\/?page_id=266","url":"https:\/\/ppsg.ch\/?page_id=266","name":"Psychosen - Psychiatrische Praxis St. Gallen \u01c0 PPSG","isPartOf":{"@id":"https:\/\/ppsg.ch\/#website"},"primaryImageOfPage":{"@id":"https:\/\/ppsg.ch\/?page_id=266#primaryimage"},"image":{"@id":"https:\/\/ppsg.ch\/?page_id=266#primaryimage"},"thumbnailUrl":"https:\/\/ppsg.ch\/wp-content\/uploads\/2023\/06\/Therapieziele_Schizophrenie-2.png","datePublished":"2023-06-08T11:37:07+00:00","dateModified":"2023-06-17T20:56:55+00:00","inLanguage":"de","potentialAction":[{"@type":"ReadAction","target":["https:\/\/ppsg.ch\/?page_id=266"]}]},{"@type":"ImageObject","inLanguage":"de","@id":"https:\/\/ppsg.ch\/?page_id=266#primaryimage","url":"https:\/\/ppsg.ch\/wp-content\/uploads\/2023\/06\/Therapieziele_Schizophrenie-2.png","contentUrl":"https:\/\/ppsg.ch\/wp-content\/uploads\/2023\/06\/Therapieziele_Schizophrenie-2.png","width":1418,"height":770},{"@type":"WebSite","@id":"https:\/\/ppsg.ch\/#website","url":"https:\/\/ppsg.ch\/","name":"ppsg","description":"","publisher":{"@id":"https:\/\/ppsg.ch\/#organization"},"alternateName":"Psychiatrische Praxis St. Gallen","potentialAction":[{"@type":"SearchAction","target":{"@type":"EntryPoint","urlTemplate":"https:\/\/ppsg.ch\/?s={search_term_string}"},"query-input":{"@type":"PropertyValueSpecification","valueRequired":true,"valueName":"search_term_string"}}],"inLanguage":"de"},{"@type":"Organization","@id":"https:\/\/ppsg.ch\/#organization","name":"ppsg","alternateName":"Psychiatrische Praxis St. Gallen","url":"https:\/\/ppsg.ch\/","logo":{"@type":"ImageObject","inLanguage":"de","@id":"https:\/\/ppsg.ch\/#\/schema\/logo\/image\/","url":"https:\/\/ppsg.ch\/wp-content\/uploads\/2023\/04\/400PngdpiLogo.png","contentUrl":"https:\/\/ppsg.ch\/wp-content\/uploads\/2023\/04\/400PngdpiLogo.png","width":2672,"height":1617,"caption":"ppsg"},"image":{"@id":"https:\/\/ppsg.ch\/#\/schema\/logo\/image\/"}}]}},"_links":{"self":[{"href":"https:\/\/ppsg.ch\/index.php?rest_route=\/wp\/v2\/pages\/266","targetHints":{"allow":["GET"]}}],"collection":[{"href":"https:\/\/ppsg.ch\/index.php?rest_route=\/wp\/v2\/pages"}],"about":[{"href":"https:\/\/ppsg.ch\/index.php?rest_route=\/wp\/v2\/types\/page"}],"author":[{"embeddable":true,"href":"https:\/\/ppsg.ch\/index.php?rest_route=\/wp\/v2\/users\/1"}],"replies":[{"embeddable":true,"href":"https:\/\/ppsg.ch\/index.php?rest_route=%2Fwp%2Fv2%2Fcomments&post=266"}],"version-history":[{"count":4,"href":"https:\/\/ppsg.ch\/index.php?rest_route=\/wp\/v2\/pages\/266\/revisions"}],"predecessor-version":[{"id":731,"href":"https:\/\/ppsg.ch\/index.php?rest_route=\/wp\/v2\/pages\/266\/revisions\/731"}],"wp:attachment":[{"href":"https:\/\/ppsg.ch\/index.php?rest_route=%2Fwp%2Fv2%2Fmedia&parent=266"}],"curies":[{"name":"wp","href":"https:\/\/api.w.org\/{rel}","templated":true}]}}