{"id":250,"date":"2023-06-08T11:59:28","date_gmt":"2023-06-08T11:59:28","guid":{"rendered":"https:\/\/ppsg.ch\/?page_id=250"},"modified":"2024-06-11T22:32:59","modified_gmt":"2024-06-11T22:32:59","slug":"depression","status":"publish","type":"page","link":"https:\/\/ppsg.ch\/?page_id=250","title":{"rendered":"Depression"},"content":{"rendered":"<p>&nbsp;<\/p>\n<h3><span style=\"font-family: 'Open Sans'; color: #467aa7;\">Was ist eine Depression?<\/span><\/h3>\n<p><span style=\"font-family: 'Open Sans';\">Anzeichen f\u00fcr eine Depression ist eine anhaltende traurige, tr\u00fcbsinnige, gereizte Stimmung. Lustlosigkeit, Hoffnungslosigkeit, das Gef\u00fchl innerer Leere, Konzentrationsst\u00f6rungen und Neigung zum Gr\u00fcbeln sind weitere Beschwerden, die bei einer Depression auftreten. H\u00e4ufig machen sich depressive Menschen erhebliche Schuldvorw\u00fcrfe. Antriebsst\u00f6rungen, die manchmal ausgepr\u00e4gt am Morgen auftreten, k\u00f6nnen \u00e4usserst qu\u00e4lend sein. Schon bei den alten Griechen wurde die Depression als Krankheit beschrieben.<\/span><\/p>\n<p><span style=\"color: #467aa7; font-family: 'Open Sans'; font-size: 17px;\">\u00abIch bin nicht mehr leistungsf\u00e4hig im Beruf, habe kein Interesse mehr an Freizeitaktivit\u00e4ten, obwohl ich st\u00e4ndig versuche, mich zusammenzureissen. Sicher bin ich selber schuld an meiner Verfassung.\u00bb<\/span><\/p>\n<h3><span style=\"font-family: 'Open Sans'; color: #467aa7;\">Wie h\u00e4ufig sind Depressionen \u2013 wie verlaufen sie?<\/span><\/h3>\n<p><span style=\"font-size: 16px;\"><span style=\"font-family: 'Open Sans';\">H\u00e4ufiger als man vermutet. Innerhalb eines Jahres erkranken rund <span style=\"color: #3366ff;\"><a style=\"color: #3366ff;\" href=\"http:\/\/www.psychiatrie-zh.ch\/wp-content\/uploads\/obsan_56_bericht.pdf\" target=\"_blank\" rel=\"noopener noreferrer\">7% der Bev\u00f6lkerung <\/a><\/span>in der Schweiz erstmals oder wiederholt an einer unipolaren Depression und je 1\u20132% an einer Dysthymie oder an einer bipolaren affektiven St\u00f6rung. \u00a0Frauen sind \u00a0h\u00e4ufiger als M\u00e4nner von Depressionen betroffen. M\u00e4nner und Frauen k\u00f6nnen unterschiedliche Beschwerden zeigen. Frauen reagieren eher mit Niedergeschlagenheit, \u00c4ngsten und Verschlossenheit, w\u00e4hrend M\u00e4nner nicht selten mit Verstimmtheit, Aggressivit\u00e4t, Gestresstsein reagieren. Weltweit waren 2015 etwa 322 Mio. Menschen von Depressionen <\/span>betroffen.<sup>2 <\/sup><span style=\"font-family: 'Open Sans';\">Bei Depressionen besteht eine erh\u00f6hte Gefahr f\u00fcr Suizid.<\/span><\/span><\/p>\n<p><span style=\"color: #467aa7; font-family: 'Open Sans'; font-size: 17px;\">\u00abAlles f\u00e4llt mir unsagbar schwer, ich muss mich zu allem zwingen. Ich f\u00fchle mich leer und ausgebrannt.\u00bb<\/span><\/p>\n<h3><span style=\"font-family: 'Open Sans'; color: #467aa7;\">Wie entsteht eine Depression?<\/span><\/h3>\n<p>Depression ist eine Frage der Gene. Auf dem Genom (Gesamtheit aller Tr\u00e4ger der Erbinformation einer Zelle. Dazu geh\u00f6ren Chromosomen, DNA und RNA) konnte die Wissenschaft bislang 44 Genorte identifizieren, die mit schweren Depressionen in Verbindung stehen.<sup>3\u00a0 <\/sup>Epigenetische Ver\u00e4nderungen (vererbbare Chromosomen-Modifikationen ohne Ver\u00e4nderungen der DNA-Sequenz) bestimmen, ob die Depression wirklich ausbricht. Umwelteinfl\u00fcsse bewirken solche epigenetischen Ver\u00e4nderungen. <span style=\"font-family: 'Open Sans';\">Bei Depressionen\u00a0kommt es zu Stoffwechselst\u00f6rungen im Gehirn. Es \u00a0handelt sich also um eine Erkrankung des Gehirns. \u00a0Stress, Belastungen und \u00dcberforderungen k\u00f6nnen\u00a0Ausl\u00f6sefaktoren f\u00fcr eine Depression sein. Manchmal k\u00f6nnen auch Krebs, ein Herzinfarkt, chronische Schmerzen oder Durchblutungsst\u00f6rungen Ausl\u00f6ser f\u00fcr eine Depression sein.\u00a0<\/span><\/p>\n<p><span style=\"color: #467aa7; font-family: 'Open Sans'; font-size: 17px;\">\u00abMich plagt eine innere Getriebenheit und Ruhelosigkeit. Ich gehe im Haushalt von einer Arbeit zur anderen und f\u00fchre dabei nichts zu Ende.\u00bb<\/span><\/p>\n<h3><span style=\"font-family: 'Open Sans'; color: #467aa7;\">Was kann man gegen eine Depression tun?<\/span><\/h3>\n<p><span style=\"font-family: 'Open Sans';\">Die moderne Behandlung der Depression besteht aus einer Therapie mit Medikamenten (Antidepressiva) und der Psychotherapie (kognitive Verhaltenstherapie, tiefenpsychologische Therapien). Der gr\u00f6sste Behandlungserfolg kann bei einer Kombination von beiden Behandlungstypen erwartet werden. Damit der Stoffwechselhaushalt der Hirnzellen wieder ins Gleichgewicht kommt, helfen moderne antidepressive Medikamente. Mehrheitlich kann die Depression ambulant behandelt werden. Bei schweren Depressionen und zum Schutze des Kranken bei Suizidgefahr kann ein Aufenthalt in einer psychiatrischen Klinik sinnvoll sein.<\/span><\/p>\n<h3><span style=\"font-family: 'Open Sans'; color: #467aa7;\">Bin ich selber schuld?<\/span><\/h3>\n<p><span style=\"font-family: 'Open Sans';\">Eine Depression kann man nicht verhindern. Wenn eine Person depressiv ist, heisst das nicht, dass sie ein \u00abVerlierer\u00bb ist. Wegen Suizidgedanken muss sich ein an einer Depression Erkrankter nicht sch\u00e4men, aber er sollte sich unbedingt an eine \u00c4rztin oder einen Arzt wenden.\u00a0<\/span><\/p>\n<p>&nbsp;<\/p>\n<p><span style=\"color: #3366ff;\"><a style=\"color: #3366ff;\" href=\"http:\/\/www.psychiatrie-zh.ch\/wp-content\/uploads\/obsan_56_bericht.pdf\" target=\"_blank\" rel=\"noopener\"><span style=\"font-size: 12px;\"><sup>1 <\/sup>Baer N et al. (2013). Depressionen in der Schweizer Bev\u00f6lkerung: Daten zur Epidemiologie, Behandlung und sozial-beruflichen Integration. Neuch\u00e2tel, CH, Schweizerisches Gesundheitsobservatorium (Obsan)<\/span><\/a><\/span><br \/>\n<span style=\"color: #3366ff;\"><a style=\"color: #3366ff;\" href=\"https:\/\/www.afro.who.int\/publications\/depression-and-other-common-mental-disorders-global-health-estimates-2017\" target=\"_blank\" rel=\"noopener\"><span style=\"font-size: 12px;\"><sup>2<\/sup>WHO: Depression and Other Common Mental Disorders. Global Health Estimates, Genf 2017<\/span><\/a><\/span><br \/>\n<a href=\"https:\/\/www.ncbi.nlm.nih.gov\/pmc\/articles\/PMC5934326\/pdf\/nihms943355.pdf\" target=\"_blank\" rel=\"noopener\"><span style=\"color: #3366ff;\"><span style=\"font-size: 12px;\"><sup>3<\/sup>Wray NR et al. Genome wide association analyses identify 44 risk variants and refine the genetic architecture of major depression. Nat Genet. 2018 May;50(5):668-681<\/span><\/span><\/a><\/p>\n<p>&nbsp;<\/p>\n","protected":false},"excerpt":{"rendered":"<p>&nbsp; Was ist eine Depression? Anzeichen f\u00fcr eine Depression ist eine anhaltende traurige, tr\u00fcbsinnige, gereizte Stimmung. Lustlosigkeit, Hoffnungslosigkeit, das Gef\u00fchl innerer Leere, Konzentrationsst\u00f6rungen und Neigung zum Gr\u00fcbeln sind weitere Beschwerden, die bei einer Depression auftreten. H\u00e4ufig machen sich depressive Menschen erhebliche Schuldvorw\u00fcrfe. Antriebsst\u00f6rungen, die manchmal ausgepr\u00e4gt am Morgen auftreten, k\u00f6nnen \u00e4usserst qu\u00e4lend sein. Schon bei<\/p>\n","protected":false},"author":1,"featured_media":0,"parent":0,"menu_order":0,"comment_status":"closed","ping_status":"closed","template":"","meta":{"_acf_changed":false,"_themeisle_gutenberg_block_has_review":false,"footnotes":""},"class_list":["post-250","page","type-page","status-publish","hentry"],"acf":[],"yoast_head":"<!-- This site is optimized with the Yoast SEO Premium plugin v21.6 (Yoast SEO v27.5) - https:\/\/yoast.com\/product\/yoast-seo-premium-wordpress\/ -->\n<title>Depression - Psychiatrische Praxis St. Gallen \u01c0 PPSG<\/title>\n<meta name=\"robots\" content=\"index, follow, max-snippet:-1, max-image-preview:large, max-video-preview:-1\" \/>\n<link rel=\"canonical\" href=\"https:\/\/ppsg.ch\/?page_id=250\" \/>\n<meta property=\"og:locale\" content=\"de_DE\" \/>\n<meta property=\"og:type\" content=\"article\" \/>\n<meta property=\"og:title\" content=\"Depression\" \/>\n<meta property=\"og:description\" content=\"&nbsp; Was ist eine Depression? Anzeichen f\u00fcr eine Depression ist eine anhaltende traurige, tr\u00fcbsinnige, gereizte Stimmung. Lustlosigkeit, Hoffnungslosigkeit, das Gef\u00fchl innerer Leere, Konzentrationsst\u00f6rungen und Neigung zum Gr\u00fcbeln sind weitere Beschwerden, die bei einer Depression auftreten. H\u00e4ufig machen sich depressive Menschen erhebliche Schuldvorw\u00fcrfe. Antriebsst\u00f6rungen, die manchmal ausgepr\u00e4gt am Morgen auftreten, k\u00f6nnen \u00e4usserst qu\u00e4lend sein. Schon bei\" \/>\n<meta property=\"og:url\" content=\"https:\/\/ppsg.ch\/?page_id=250\" \/>\n<meta property=\"og:site_name\" content=\"Psychiatrische Praxis St. Gallen \u01c0 PPSG\" \/>\n<meta property=\"article:modified_time\" content=\"2024-06-11T22:32:59+00:00\" \/>\n<meta property=\"og:image\" content=\"https:\/\/ppsg.ch\/wp-content\/uploads\/2023\/04\/Fotolia_139857590_M-Kopie-2.jpg\" \/>\n\t<meta property=\"og:image:width\" content=\"1715\" \/>\n\t<meta property=\"og:image:height\" content=\"1108\" \/>\n\t<meta property=\"og:image:type\" content=\"image\/jpeg\" \/>\n<meta name=\"twitter:card\" content=\"summary_large_image\" \/>\n<meta name=\"twitter:label1\" content=\"Gesch\u00e4tzte Lesezeit\" \/>\n\t<meta name=\"twitter:data1\" content=\"3\u00a0Minuten\" \/>\n<script type=\"application\/ld+json\" class=\"yoast-schema-graph\">{\"@context\":\"https:\\\/\\\/schema.org\",\"@graph\":[{\"@type\":\"WebPage\",\"@id\":\"https:\\\/\\\/ppsg.ch\\\/?page_id=250\",\"url\":\"https:\\\/\\\/ppsg.ch\\\/?page_id=250\",\"name\":\"Depression - Psychiatrische Praxis St. Gallen \u01c0 PPSG\",\"isPartOf\":{\"@id\":\"https:\\\/\\\/ppsg.ch\\\/#website\"},\"datePublished\":\"2023-06-08T11:59:28+00:00\",\"dateModified\":\"2024-06-11T22:32:59+00:00\",\"inLanguage\":\"de\",\"potentialAction\":[{\"@type\":\"ReadAction\",\"target\":[\"https:\\\/\\\/ppsg.ch\\\/?page_id=250\"]}]},{\"@type\":\"WebSite\",\"@id\":\"https:\\\/\\\/ppsg.ch\\\/#website\",\"url\":\"https:\\\/\\\/ppsg.ch\\\/\",\"name\":\"ppsg\",\"description\":\"\",\"publisher\":{\"@id\":\"https:\\\/\\\/ppsg.ch\\\/#organization\"},\"alternateName\":\"Psychiatrische Praxis St. Gallen\",\"potentialAction\":[{\"@type\":\"SearchAction\",\"target\":{\"@type\":\"EntryPoint\",\"urlTemplate\":\"https:\\\/\\\/ppsg.ch\\\/?s={search_term_string}\"},\"query-input\":{\"@type\":\"PropertyValueSpecification\",\"valueRequired\":true,\"valueName\":\"search_term_string\"}}],\"inLanguage\":\"de\"},{\"@type\":\"Organization\",\"@id\":\"https:\\\/\\\/ppsg.ch\\\/#organization\",\"name\":\"ppsg\",\"alternateName\":\"Psychiatrische Praxis St. Gallen\",\"url\":\"https:\\\/\\\/ppsg.ch\\\/\",\"logo\":{\"@type\":\"ImageObject\",\"inLanguage\":\"de\",\"@id\":\"https:\\\/\\\/ppsg.ch\\\/#\\\/schema\\\/logo\\\/image\\\/\",\"url\":\"https:\\\/\\\/ppsg.ch\\\/wp-content\\\/uploads\\\/2023\\\/04\\\/400PngdpiLogo.png\",\"contentUrl\":\"https:\\\/\\\/ppsg.ch\\\/wp-content\\\/uploads\\\/2023\\\/04\\\/400PngdpiLogo.png\",\"width\":2672,\"height\":1617,\"caption\":\"ppsg\"},\"image\":{\"@id\":\"https:\\\/\\\/ppsg.ch\\\/#\\\/schema\\\/logo\\\/image\\\/\"}}]}<\/script>\n<!-- \/ Yoast SEO Premium plugin. -->","yoast_head_json":{"title":"Depression - Psychiatrische Praxis St. Gallen \u01c0 PPSG","robots":{"index":"index","follow":"follow","max-snippet":"max-snippet:-1","max-image-preview":"max-image-preview:large","max-video-preview":"max-video-preview:-1"},"canonical":"https:\/\/ppsg.ch\/?page_id=250","og_locale":"de_DE","og_type":"article","og_title":"Depression","og_description":"&nbsp; Was ist eine Depression? Anzeichen f\u00fcr eine Depression ist eine anhaltende traurige, tr\u00fcbsinnige, gereizte Stimmung. Lustlosigkeit, Hoffnungslosigkeit, das Gef\u00fchl innerer Leere, Konzentrationsst\u00f6rungen und Neigung zum Gr\u00fcbeln sind weitere Beschwerden, die bei einer Depression auftreten. H\u00e4ufig machen sich depressive Menschen erhebliche Schuldvorw\u00fcrfe. Antriebsst\u00f6rungen, die manchmal ausgepr\u00e4gt am Morgen auftreten, k\u00f6nnen \u00e4usserst qu\u00e4lend sein. Schon bei","og_url":"https:\/\/ppsg.ch\/?page_id=250","og_site_name":"Psychiatrische Praxis St. Gallen \u01c0 PPSG","article_modified_time":"2024-06-11T22:32:59+00:00","og_image":[{"width":1715,"height":1108,"url":"https:\/\/ppsg.ch\/wp-content\/uploads\/2023\/04\/Fotolia_139857590_M-Kopie-2.jpg","type":"image\/jpeg"}],"twitter_card":"summary_large_image","twitter_misc":{"Gesch\u00e4tzte Lesezeit":"3\u00a0Minuten"},"schema":{"@context":"https:\/\/schema.org","@graph":[{"@type":"WebPage","@id":"https:\/\/ppsg.ch\/?page_id=250","url":"https:\/\/ppsg.ch\/?page_id=250","name":"Depression - Psychiatrische Praxis St. Gallen \u01c0 PPSG","isPartOf":{"@id":"https:\/\/ppsg.ch\/#website"},"datePublished":"2023-06-08T11:59:28+00:00","dateModified":"2024-06-11T22:32:59+00:00","inLanguage":"de","potentialAction":[{"@type":"ReadAction","target":["https:\/\/ppsg.ch\/?page_id=250"]}]},{"@type":"WebSite","@id":"https:\/\/ppsg.ch\/#website","url":"https:\/\/ppsg.ch\/","name":"ppsg","description":"","publisher":{"@id":"https:\/\/ppsg.ch\/#organization"},"alternateName":"Psychiatrische Praxis St. Gallen","potentialAction":[{"@type":"SearchAction","target":{"@type":"EntryPoint","urlTemplate":"https:\/\/ppsg.ch\/?s={search_term_string}"},"query-input":{"@type":"PropertyValueSpecification","valueRequired":true,"valueName":"search_term_string"}}],"inLanguage":"de"},{"@type":"Organization","@id":"https:\/\/ppsg.ch\/#organization","name":"ppsg","alternateName":"Psychiatrische Praxis St. Gallen","url":"https:\/\/ppsg.ch\/","logo":{"@type":"ImageObject","inLanguage":"de","@id":"https:\/\/ppsg.ch\/#\/schema\/logo\/image\/","url":"https:\/\/ppsg.ch\/wp-content\/uploads\/2023\/04\/400PngdpiLogo.png","contentUrl":"https:\/\/ppsg.ch\/wp-content\/uploads\/2023\/04\/400PngdpiLogo.png","width":2672,"height":1617,"caption":"ppsg"},"image":{"@id":"https:\/\/ppsg.ch\/#\/schema\/logo\/image\/"}}]}},"_links":{"self":[{"href":"https:\/\/ppsg.ch\/index.php?rest_route=\/wp\/v2\/pages\/250","targetHints":{"allow":["GET"]}}],"collection":[{"href":"https:\/\/ppsg.ch\/index.php?rest_route=\/wp\/v2\/pages"}],"about":[{"href":"https:\/\/ppsg.ch\/index.php?rest_route=\/wp\/v2\/types\/page"}],"author":[{"embeddable":true,"href":"https:\/\/ppsg.ch\/index.php?rest_route=\/wp\/v2\/users\/1"}],"replies":[{"embeddable":true,"href":"https:\/\/ppsg.ch\/index.php?rest_route=%2Fwp%2Fv2%2Fcomments&post=250"}],"version-history":[{"count":8,"href":"https:\/\/ppsg.ch\/index.php?rest_route=\/wp\/v2\/pages\/250\/revisions"}],"predecessor-version":[{"id":1856,"href":"https:\/\/ppsg.ch\/index.php?rest_route=\/wp\/v2\/pages\/250\/revisions\/1856"}],"wp:attachment":[{"href":"https:\/\/ppsg.ch\/index.php?rest_route=%2Fwp%2Fv2%2Fmedia&parent=250"}],"curies":[{"name":"wp","href":"https:\/\/api.w.org\/{rel}","templated":true}]}}