{"id":1972,"date":"2024-06-18T21:26:40","date_gmt":"2024-06-18T21:26:40","guid":{"rendered":"https:\/\/ppsg.ch\/?page_id=1972"},"modified":"2024-11-15T12:57:01","modified_gmt":"2024-11-15T12:57:01","slug":"medikamentoese-behandlung-waehrend-der-schwangerschaft","status":"publish","type":"page","link":"https:\/\/ppsg.ch\/?page_id=1972","title":{"rendered":"Medikament\u00f6se Behandlung w\u00e4hrend der Schwangerschaft"},"content":{"rendered":"<p><span style=\"font-family: 'Open Sans';\">Wir beraten auch Frauen w\u00e4hrend der Schwangerschaft, die mit psychiatrischen Medikamenten behandelt werden. Die psychiatrische Krankheit, die Krankheitsauswirkung und die Auswirkung der medikament\u00f6sen Behandlung auf die \u00abMutter Kind-Einheit\u00bb stehen dabei im Focus. Bei der Wahl des Pr\u00e4parates werden Reproduktionsstudien bei Tieren und Menschen ber\u00fccksichtigt.\u00a0 Zudem lassen wir die in Frage kommenden Medikamente in Reproduktionstoxikologischen Instituten (z. B.\u00a0<a href=\"https:\/\/www.lecrat.fr\/\" target=\"_blank\" rel=\"noopener\"><span style=\"color: #0000ff;\">Centre de R\u00e9f\u00e9rence sur les Agents T\u00e9ratog\u00e8nes , Le CRAT, H\u00f4pital Armand Trousseau Paris<\/span><\/a>\u00a0oder\u00a0<span style=\"color: #0000ff;\"><a style=\"color: #0000ff;\" href=\"https:\/\/www.chuv.ch\/de\/stis\/\" target=\"_blank\" rel=\"noopener\">Swiss Teratogen Information Service, STIS, Centre hospitalier universitaire vaudois, CHUV<\/a>) <\/span>\u00fcberpr\u00fcfen. Details zur Vertr\u00e4glichkeit und Sicherheit von Arzneimitteln in der Schwangerschaft beziehungsweise bei Kinderwunsch finden sich in spezialisierten Beratungseinrichtungen, wie dem Pharmakovigilanz- und Beratungszentrum (PVZ) f\u00fcr Embryonaltoxikologie (<a href=\"https:\/\/www.embryotox.de\/das-institut\/\" target=\"_blank\" rel=\"noopener\"><span style=\"color: #0000ff;\">Embryotox<\/span><\/a>) oder <\/span><span style=\"color: #0000ff;\"><a style=\"font-family: 'Open Sans'; color: #0000ff;\" href=\"https:\/\/www.psychiatrie-sg.ch\/behandlung\/behandlungsarten\/ambulante-behandlung\/gynaekopsychiatrie\">Gyn\u00e4kopsychiatrie<\/a><\/span><span style=\"font-family: 'Open Sans';\">, Psychiatrie St. Gallen mit Standorten in Heerbrugg, Sargans, St. Gallen, Wil). Selbstverst\u00e4ndlich arbeiten wir jeweils mit der Frauen\u00e4rztin oder dem Frauenarzt und\/oder mit der entsprechenden Institution\u00a0 oder Krankenhaus zusammen.<\/span><\/p>\n","protected":false},"excerpt":{"rendered":"<p>Wir beraten auch Frauen w\u00e4hrend der Schwangerschaft, die mit psychiatrischen Medikamenten behandelt werden. Die psychiatrische Krankheit, die Krankheitsauswirkung und die Auswirkung der medikament\u00f6sen Behandlung auf die \u00abMutter Kind-Einheit\u00bb stehen dabei im Focus. Bei der Wahl des Pr\u00e4parates werden Reproduktionsstudien bei Tieren und Menschen ber\u00fccksichtigt.\u00a0 Zudem lassen wir die in Frage kommenden Medikamente in Reproduktionstoxikologischen Instituten<\/p>\n","protected":false},"author":1,"featured_media":0,"parent":0,"menu_order":0,"comment_status":"closed","ping_status":"closed","template":"","meta":{"_acf_changed":false,"_themeisle_gutenberg_block_has_review":false,"footnotes":""},"class_list":["post-1972","page","type-page","status-publish","hentry"],"acf":[],"yoast_head":"<!-- This site is optimized with the Yoast SEO Premium plugin v21.6 (Yoast SEO v27.5) - https:\/\/yoast.com\/product\/yoast-seo-premium-wordpress\/ -->\n<title>Medikament\u00f6se Behandlung w\u00e4hrend der Schwangerschaft - Psychiatrische Praxis St. Gallen \u01c0 PPSG<\/title>\n<meta name=\"robots\" content=\"index, follow, max-snippet:-1, max-image-preview:large, max-video-preview:-1\" \/>\n<link rel=\"canonical\" href=\"https:\/\/ppsg.ch\/?page_id=1972\" \/>\n<meta property=\"og:locale\" content=\"de_DE\" \/>\n<meta property=\"og:type\" content=\"article\" \/>\n<meta property=\"og:title\" content=\"Medikament\u00f6se Behandlung w\u00e4hrend der Schwangerschaft\" \/>\n<meta property=\"og:description\" content=\"Wir beraten auch Frauen w\u00e4hrend der Schwangerschaft, die mit psychiatrischen Medikamenten behandelt werden. Die psychiatrische Krankheit, die Krankheitsauswirkung und die Auswirkung der medikament\u00f6sen Behandlung auf die \u00abMutter Kind-Einheit\u00bb stehen dabei im Focus. Bei der Wahl des Pr\u00e4parates werden Reproduktionsstudien bei Tieren und Menschen ber\u00fccksichtigt.\u00a0 Zudem lassen wir die in Frage kommenden Medikamente in Reproduktionstoxikologischen Instituten\" \/>\n<meta property=\"og:url\" content=\"https:\/\/ppsg.ch\/?page_id=1972\" \/>\n<meta property=\"og:site_name\" content=\"Psychiatrische Praxis St. Gallen \u01c0 PPSG\" \/>\n<meta property=\"article:modified_time\" content=\"2024-11-15T12:57:01+00:00\" \/>\n<meta property=\"og:image\" content=\"https:\/\/ppsg.ch\/wp-content\/uploads\/2023\/04\/Fotolia_139857590_M-Kopie-2.jpg\" \/>\n\t<meta property=\"og:image:width\" content=\"1715\" \/>\n\t<meta property=\"og:image:height\" content=\"1108\" \/>\n\t<meta property=\"og:image:type\" content=\"image\/jpeg\" \/>\n<meta name=\"twitter:card\" content=\"summary_large_image\" \/>\n<meta name=\"twitter:label1\" content=\"Gesch\u00e4tzte Lesezeit\" \/>\n\t<meta name=\"twitter:data1\" content=\"1\u00a0Minute\" \/>\n<script type=\"application\/ld+json\" class=\"yoast-schema-graph\">{\"@context\":\"https:\\\/\\\/schema.org\",\"@graph\":[{\"@type\":\"WebPage\",\"@id\":\"https:\\\/\\\/ppsg.ch\\\/?page_id=1972\",\"url\":\"https:\\\/\\\/ppsg.ch\\\/?page_id=1972\",\"name\":\"Medikament\u00f6se Behandlung w\u00e4hrend der Schwangerschaft - Psychiatrische Praxis St. Gallen \u01c0 PPSG\",\"isPartOf\":{\"@id\":\"https:\\\/\\\/ppsg.ch\\\/#website\"},\"datePublished\":\"2024-06-18T21:26:40+00:00\",\"dateModified\":\"2024-11-15T12:57:01+00:00\",\"inLanguage\":\"de\",\"potentialAction\":[{\"@type\":\"ReadAction\",\"target\":[\"https:\\\/\\\/ppsg.ch\\\/?page_id=1972\"]}]},{\"@type\":\"WebSite\",\"@id\":\"https:\\\/\\\/ppsg.ch\\\/#website\",\"url\":\"https:\\\/\\\/ppsg.ch\\\/\",\"name\":\"ppsg\",\"description\":\"\",\"publisher\":{\"@id\":\"https:\\\/\\\/ppsg.ch\\\/#organization\"},\"alternateName\":\"Psychiatrische Praxis St. Gallen\",\"potentialAction\":[{\"@type\":\"SearchAction\",\"target\":{\"@type\":\"EntryPoint\",\"urlTemplate\":\"https:\\\/\\\/ppsg.ch\\\/?s={search_term_string}\"},\"query-input\":{\"@type\":\"PropertyValueSpecification\",\"valueRequired\":true,\"valueName\":\"search_term_string\"}}],\"inLanguage\":\"de\"},{\"@type\":\"Organization\",\"@id\":\"https:\\\/\\\/ppsg.ch\\\/#organization\",\"name\":\"ppsg\",\"alternateName\":\"Psychiatrische Praxis St. Gallen\",\"url\":\"https:\\\/\\\/ppsg.ch\\\/\",\"logo\":{\"@type\":\"ImageObject\",\"inLanguage\":\"de\",\"@id\":\"https:\\\/\\\/ppsg.ch\\\/#\\\/schema\\\/logo\\\/image\\\/\",\"url\":\"https:\\\/\\\/ppsg.ch\\\/wp-content\\\/uploads\\\/2023\\\/04\\\/400PngdpiLogo.png\",\"contentUrl\":\"https:\\\/\\\/ppsg.ch\\\/wp-content\\\/uploads\\\/2023\\\/04\\\/400PngdpiLogo.png\",\"width\":2672,\"height\":1617,\"caption\":\"ppsg\"},\"image\":{\"@id\":\"https:\\\/\\\/ppsg.ch\\\/#\\\/schema\\\/logo\\\/image\\\/\"}}]}<\/script>\n<!-- \/ Yoast SEO Premium plugin. -->","yoast_head_json":{"title":"Medikament\u00f6se Behandlung w\u00e4hrend der Schwangerschaft - Psychiatrische Praxis St. Gallen \u01c0 PPSG","robots":{"index":"index","follow":"follow","max-snippet":"max-snippet:-1","max-image-preview":"max-image-preview:large","max-video-preview":"max-video-preview:-1"},"canonical":"https:\/\/ppsg.ch\/?page_id=1972","og_locale":"de_DE","og_type":"article","og_title":"Medikament\u00f6se Behandlung w\u00e4hrend der Schwangerschaft","og_description":"Wir beraten auch Frauen w\u00e4hrend der Schwangerschaft, die mit psychiatrischen Medikamenten behandelt werden. Die psychiatrische Krankheit, die Krankheitsauswirkung und die Auswirkung der medikament\u00f6sen Behandlung auf die \u00abMutter Kind-Einheit\u00bb stehen dabei im Focus. Bei der Wahl des Pr\u00e4parates werden Reproduktionsstudien bei Tieren und Menschen ber\u00fccksichtigt.\u00a0 Zudem lassen wir die in Frage kommenden Medikamente in Reproduktionstoxikologischen Instituten","og_url":"https:\/\/ppsg.ch\/?page_id=1972","og_site_name":"Psychiatrische Praxis St. Gallen \u01c0 PPSG","article_modified_time":"2024-11-15T12:57:01+00:00","og_image":[{"width":1715,"height":1108,"url":"https:\/\/ppsg.ch\/wp-content\/uploads\/2023\/04\/Fotolia_139857590_M-Kopie-2.jpg","type":"image\/jpeg"}],"twitter_card":"summary_large_image","twitter_misc":{"Gesch\u00e4tzte Lesezeit":"1\u00a0Minute"},"schema":{"@context":"https:\/\/schema.org","@graph":[{"@type":"WebPage","@id":"https:\/\/ppsg.ch\/?page_id=1972","url":"https:\/\/ppsg.ch\/?page_id=1972","name":"Medikament\u00f6se Behandlung w\u00e4hrend der Schwangerschaft - Psychiatrische Praxis St. Gallen \u01c0 PPSG","isPartOf":{"@id":"https:\/\/ppsg.ch\/#website"},"datePublished":"2024-06-18T21:26:40+00:00","dateModified":"2024-11-15T12:57:01+00:00","inLanguage":"de","potentialAction":[{"@type":"ReadAction","target":["https:\/\/ppsg.ch\/?page_id=1972"]}]},{"@type":"WebSite","@id":"https:\/\/ppsg.ch\/#website","url":"https:\/\/ppsg.ch\/","name":"ppsg","description":"","publisher":{"@id":"https:\/\/ppsg.ch\/#organization"},"alternateName":"Psychiatrische Praxis St. Gallen","potentialAction":[{"@type":"SearchAction","target":{"@type":"EntryPoint","urlTemplate":"https:\/\/ppsg.ch\/?s={search_term_string}"},"query-input":{"@type":"PropertyValueSpecification","valueRequired":true,"valueName":"search_term_string"}}],"inLanguage":"de"},{"@type":"Organization","@id":"https:\/\/ppsg.ch\/#organization","name":"ppsg","alternateName":"Psychiatrische Praxis St. Gallen","url":"https:\/\/ppsg.ch\/","logo":{"@type":"ImageObject","inLanguage":"de","@id":"https:\/\/ppsg.ch\/#\/schema\/logo\/image\/","url":"https:\/\/ppsg.ch\/wp-content\/uploads\/2023\/04\/400PngdpiLogo.png","contentUrl":"https:\/\/ppsg.ch\/wp-content\/uploads\/2023\/04\/400PngdpiLogo.png","width":2672,"height":1617,"caption":"ppsg"},"image":{"@id":"https:\/\/ppsg.ch\/#\/schema\/logo\/image\/"}}]}},"_links":{"self":[{"href":"https:\/\/ppsg.ch\/index.php?rest_route=\/wp\/v2\/pages\/1972","targetHints":{"allow":["GET"]}}],"collection":[{"href":"https:\/\/ppsg.ch\/index.php?rest_route=\/wp\/v2\/pages"}],"about":[{"href":"https:\/\/ppsg.ch\/index.php?rest_route=\/wp\/v2\/types\/page"}],"author":[{"embeddable":true,"href":"https:\/\/ppsg.ch\/index.php?rest_route=\/wp\/v2\/users\/1"}],"replies":[{"embeddable":true,"href":"https:\/\/ppsg.ch\/index.php?rest_route=%2Fwp%2Fv2%2Fcomments&post=1972"}],"version-history":[{"count":8,"href":"https:\/\/ppsg.ch\/index.php?rest_route=\/wp\/v2\/pages\/1972\/revisions"}],"predecessor-version":[{"id":2617,"href":"https:\/\/ppsg.ch\/index.php?rest_route=\/wp\/v2\/pages\/1972\/revisions\/2617"}],"wp:attachment":[{"href":"https:\/\/ppsg.ch\/index.php?rest_route=%2Fwp%2Fv2%2Fmedia&parent=1972"}],"curies":[{"name":"wp","href":"https:\/\/api.w.org\/{rel}","templated":true}]}}